{"id":8491,"date":"2021-05-24T10:15:20","date_gmt":"2021-05-24T08:15:20","guid":{"rendered":"https:\/\/hotelrittergut.de\/?page_id=8491"},"modified":"2022-06-13T20:25:25","modified_gmt":"2022-06-13T18:25:25","slug":"neuigkeiten","status":"publish","type":"page","link":"https:\/\/hotelrittergut.de\/en\/neuigkeiten\/","title":{"rendered":"neuigkeiten"},"content":{"rendered":"<div data-elementor-type=\"wp-page\" data-elementor-id=\"8491\" class=\"elementor elementor-8491\" data-elementor-post-type=\"page\">\n\t\t\t\t\t\t<section class=\"elementor-section elementor-top-section elementor-element elementor-element-3f5e4a2 elementor-section-full_width elementor-section-height-default elementor-section-height-default\" data-id=\"3f5e4a2\" data-element_type=\"section\">\n\t\t\t\t\t\t\t<div class=\"elementor-background-overlay\"><\/div>\n\t\t\t\t\t\t\t<div class=\"elementor-container elementor-column-gap-default\">\n\t\t\t\t\t<div class=\"elementor-column elementor-col-100 elementor-top-column elementor-element elementor-element-8467dba\" data-id=\"8467dba\" data-element_type=\"column\" data-settings=\"{&quot;background_background&quot;:&quot;classic&quot;}\">\n\t\t\t<div class=\"elementor-widget-wrap elementor-element-populated\">\n\t\t\t\t\t\t<div class=\"elementor-element elementor-element-577399d elementor-widget elementor-widget-spacer\" data-id=\"577399d\" data-element_type=\"widget\" data-widget_type=\"spacer.default\">\n\t\t\t\t<div class=\"elementor-widget-container\">\n\t\t\t\t\t\t\t<div class=\"elementor-spacer\">\n\t\t\t<div class=\"elementor-spacer-inner\"><\/div>\n\t\t<\/div>\n\t\t\t\t\t\t<\/div>\n\t\t\t\t<\/div>\n\t\t\t\t\t<\/div>\n\t\t<\/div>\n\t\t\t\t\t<\/div>\n\t\t<\/section>\n\t\t\t\t<section class=\"elementor-section elementor-top-section elementor-element elementor-element-ed83b18 elementor-section-boxed elementor-section-height-default elementor-section-height-default\" data-id=\"ed83b18\" data-element_type=\"section\" data-settings=\"{&quot;background_background&quot;:&quot;classic&quot;}\">\n\t\t\t\t\t\t\t<div class=\"elementor-background-overlay\"><\/div>\n\t\t\t\t\t\t\t<div class=\"elementor-container elementor-column-gap-default\">\n\t\t\t\t\t<div class=\"elementor-column elementor-col-100 elementor-top-column elementor-element elementor-element-7be721f\" data-id=\"7be721f\" data-element_type=\"column\">\n\t\t\t<div class=\"elementor-widget-wrap elementor-element-populated\">\n\t\t\t\t\t\t<div class=\"elementor-element elementor-element-b0e06fb elementor-widget elementor-widget-heading\" data-id=\"b0e06fb\" data-element_type=\"widget\" data-widget_type=\"heading.default\">\n\t\t\t\t<div class=\"elementor-widget-container\">\n\t\t\t\t\t<h1 class=\"elementor-heading-title elementor-size-default\">News from the Rittergut<\/h1>\t\t\t\t<\/div>\n\t\t\t\t<\/div>\n\t\t\t\t<div class=\"elementor-element elementor-element-a4bb7a5 uael-post__link-complete-yes elementor-widget elementor-widget-uael-posts\" data-id=\"a4bb7a5\" data-element_type=\"widget\" data-settings=\"{&quot;classic_slides_to_show&quot;:3,&quot;classic_slides_to_show_tablet&quot;:2,&quot;classic_slides_to_show_mobile&quot;:1,&quot;classic_show_filters&quot;:&quot;no&quot;}\" data-widget_type=\"uael-posts.classic\">\n\t\t\t\t<div class=\"elementor-widget-container\">\n\t\t\t\t\t\t\t<div class=\"uael-post__grid-empty\">\n\t\t\t<p>Sorry, we couldn't find any posts. Please try a different search.<\/p>\n\t\t\t\t\t<\/div>\n\t\t\t\t\t\t<\/div>\n\t\t\t\t<\/div>\n\t\t\t\t\t<\/div>\n\t\t<\/div>\n\t\t\t\t\t<\/div>\n\t\t<\/section>\n\t\t\t\t<\/div>","protected":false},"excerpt":{"rendered":"<p>Neues aus dem Rittergut Unser Team sucht Verst\u00e4rkung Wir suchen ab sofort: K\u00fcchenhilfe in Teil- oder Vollzeit Fr\u00fchst\u00fcckskraft in Teil- oder Vollzeit Ausf\u00fchrliche Infos senden wir auf Anfrage gern per Email oder beantworten &#8230; Weiterlesen \u2192 Weihnachtszeit im Rittergut &#8211; Martinsgansessen vom 11.11.21 bis 23.12.12\/ nach vorheriger Reservierung &#8211; Schlemmen an den Feiertagen\/ 25. und [&hellip;]<\/p>","protected":false},"author":1,"featured_media":12914,"parent":0,"menu_order":0,"comment_status":"closed","ping_status":"closed","template":"elementor_header_footer","meta":{"site-sidebar-layout":"no-sidebar","site-content-layout":"page-builder","ast-site-content-layout":"default","site-content-style":"default","site-sidebar-style":"default","ast-global-header-display":"","ast-banner-title-visibility":"","ast-main-header-display":"","ast-hfb-above-header-display":"","ast-hfb-below-header-display":"","ast-hfb-mobile-header-display":"","site-post-title":"disabled","ast-breadcrumbs-content":"","ast-featured-img":"disabled","footer-sml-layout":"","theme-transparent-header-meta":"default","adv-header-id-meta":"","stick-header-meta":"","header-above-stick-meta":"","header-main-stick-meta":"","header-below-stick-meta":"","astra-migrate-meta-layouts":"default","ast-page-background-enabled":"default","ast-page-background-meta":{"desktop":{"background-color":"","background-image":"","background-repeat":"repeat","background-position":"center center","background-size":"auto","background-attachment":"scroll","background-type":"","background-media":"","overlay-type":"","overlay-color":"","overlay-opacity":"","overlay-gradient":""},"tablet":{"background-color":"","background-image":"","background-repeat":"repeat","background-position":"center center","background-size":"auto","background-attachment":"scroll","background-type":"","background-media":"","overlay-type":"","overlay-color":"","overlay-opacity":"","overlay-gradient":""},"mobile":{"background-color":"","background-image":"","background-repeat":"repeat","background-position":"center center","background-size":"auto","background-attachment":"scroll","background-type":"","background-media":"","overlay-type":"","overlay-color":"","overlay-opacity":"","overlay-gradient":""}},"ast-content-background-meta":{"desktop":{"background-color":"var(--ast-global-color-5)","background-image":"","background-repeat":"repeat","background-position":"center center","background-size":"auto","background-attachment":"scroll","background-type":"","background-media":"","overlay-type":"","overlay-color":"","overlay-opacity":"","overlay-gradient":""},"tablet":{"background-color":"var(--ast-global-color-5)","background-image":"","background-repeat":"repeat","background-position":"center center","background-size":"auto","background-attachment":"scroll","background-type":"","background-media":"","overlay-type":"","overlay-color":"","overlay-opacity":"","overlay-gradient":""},"mobile":{"background-color":"var(--ast-global-color-5)","background-image":"","background-repeat":"repeat","background-position":"center center","background-size":"auto","background-attachment":"scroll","background-type":"","background-media":"","overlay-type":"","overlay-color":"","overlay-opacity":"","overlay-gradient":""}},"footnotes":""},"class_list":["post-8491","page","type-page","status-publish","has-post-thumbnail","hentry"],"yoast_head":"<!-- This site is optimized with the Yoast SEO plugin v26.5 - https:\/\/yoast.com\/wordpress\/plugins\/seo\/ -->\n<title>neuigkeiten - Hotel &amp; Restaurant - Rittergut<\/title>\n<meta name=\"robots\" content=\"index, follow, max-snippet:-1, max-image-preview:large, max-video-preview:-1\" \/>\n<link rel=\"canonical\" href=\"https:\/\/hotelrittergut.de\/en\/neuigkeiten\/\" \/>\n<meta property=\"og:locale\" content=\"en_GB\" \/>\n<meta property=\"og:type\" content=\"article\" \/>\n<meta property=\"og:title\" content=\"neuigkeiten - Hotel &amp; Restaurant - Rittergut\" \/>\n<meta property=\"og:description\" content=\"Neues aus dem Rittergut Unser Team sucht Verst\u00e4rkung Wir suchen ab sofort: K\u00fcchenhilfe in Teil- oder Vollzeit Fr\u00fchst\u00fcckskraft in Teil- oder Vollzeit Ausf\u00fchrliche Infos senden wir auf Anfrage gern per Email oder beantworten &#8230; Weiterlesen \u2192 Weihnachtszeit im Rittergut &#8211; Martinsgansessen vom 11.11.21 bis 23.12.12\/ nach vorheriger Reservierung &#8211; Schlemmen an den Feiertagen\/ 25. und [&hellip;]\" \/>\n<meta property=\"og:url\" content=\"https:\/\/hotelrittergut.de\/en\/neuigkeiten\/\" \/>\n<meta property=\"og:site_name\" content=\"Hotel &amp; Restaurant - Rittergut\" \/>\n<meta property=\"article:publisher\" content=\"https:\/\/www.facebook.com\/HotelRittergut\" \/>\n<meta property=\"article:modified_time\" content=\"2022-06-13T18:25:25+00:00\" \/>\n<meta property=\"og:image\" content=\"https:\/\/hotelrittergut.de\/wp-content\/uploads\/2021\/12\/Studi-158.jpg\" \/>\n\t<meta property=\"og:image:width\" content=\"1728\" \/>\n\t<meta property=\"og:image:height\" content=\"1152\" \/>\n\t<meta property=\"og:image:type\" content=\"image\/jpeg\" \/>\n<meta name=\"twitter:card\" content=\"summary_large_image\" \/>\n<meta name=\"twitter:label1\" content=\"Estimated reading time\" \/>\n\t<meta name=\"twitter:data1\" content=\"2 minutes\" \/>\n<script type=\"application\/ld+json\" class=\"yoast-schema-graph\">{\"@context\":\"https:\/\/schema.org\",\"@graph\":[{\"@type\":\"WebPage\",\"@id\":\"https:\/\/hotelrittergut.de\/neuigkeiten\/\",\"url\":\"https:\/\/hotelrittergut.de\/neuigkeiten\/\",\"name\":\"neuigkeiten - Hotel &amp; Restaurant - Rittergut\",\"isPartOf\":{\"@id\":\"https:\/\/hotelrittergut.de\/#website\"},\"primaryImageOfPage\":{\"@id\":\"https:\/\/hotelrittergut.de\/neuigkeiten\/#primaryimage\"},\"image\":{\"@id\":\"https:\/\/hotelrittergut.de\/neuigkeiten\/#primaryimage\"},\"thumbnailUrl\":\"https:\/\/hotelrittergut.de\/wp-content\/uploads\/2021\/12\/Studi-158.jpg\",\"datePublished\":\"2021-05-24T08:15:20+00:00\",\"dateModified\":\"2022-06-13T18:25:25+00:00\",\"breadcrumb\":{\"@id\":\"https:\/\/hotelrittergut.de\/neuigkeiten\/#breadcrumb\"},\"inLanguage\":\"en-GB\",\"potentialAction\":[{\"@type\":\"ReadAction\",\"target\":[\"https:\/\/hotelrittergut.de\/neuigkeiten\/\"]}]},{\"@type\":\"ImageObject\",\"inLanguage\":\"en-GB\",\"@id\":\"https:\/\/hotelrittergut.de\/neuigkeiten\/#primaryimage\",\"url\":\"https:\/\/hotelrittergut.de\/wp-content\/uploads\/2021\/12\/Studi-158.jpg\",\"contentUrl\":\"https:\/\/hotelrittergut.de\/wp-content\/uploads\/2021\/12\/Studi-158.jpg\",\"width\":1728,\"height\":1152},{\"@type\":\"BreadcrumbList\",\"@id\":\"https:\/\/hotelrittergut.de\/neuigkeiten\/#breadcrumb\",\"itemListElement\":[{\"@type\":\"ListItem\",\"position\":1,\"name\":\"Startseite\",\"item\":\"https:\/\/hotelrittergut.de\/\"},{\"@type\":\"ListItem\",\"position\":2,\"name\":\"neuigkeiten\"}]},{\"@type\":\"WebSite\",\"@id\":\"https:\/\/hotelrittergut.de\/#website\",\"url\":\"https:\/\/hotelrittergut.de\/\",\"name\":\"Hotel &amp; Restaurant - Rittergut\",\"description\":\"\",\"publisher\":{\"@id\":\"https:\/\/hotelrittergut.de\/#organization\"},\"potentialAction\":[{\"@type\":\"SearchAction\",\"target\":{\"@type\":\"EntryPoint\",\"urlTemplate\":\"https:\/\/hotelrittergut.de\/?s={search_term_string}\"},\"query-input\":{\"@type\":\"PropertyValueSpecification\",\"valueRequired\":true,\"valueName\":\"search_term_string\"}}],\"inLanguage\":\"en-GB\"},{\"@type\":\"Organization\",\"@id\":\"https:\/\/hotelrittergut.de\/#organization\",\"name\":\"Hotel &amp; Restaurant - Rittergut\",\"url\":\"https:\/\/hotelrittergut.de\/\",\"logo\":{\"@type\":\"ImageObject\",\"inLanguage\":\"en-GB\",\"@id\":\"https:\/\/hotelrittergut.de\/#\/schema\/logo\/image\/\",\"url\":\"https:\/\/hotelrittergut.de\/wp-content\/uploads\/2020\/10\/logo.png\",\"contentUrl\":\"https:\/\/hotelrittergut.de\/wp-content\/uploads\/2020\/10\/logo.png\",\"width\":264,\"height\":332,\"caption\":\"Hotel &amp; Restaurant - Rittergut\"},\"image\":{\"@id\":\"https:\/\/hotelrittergut.de\/#\/schema\/logo\/image\/\"},\"sameAs\":[\"https:\/\/www.facebook.com\/HotelRittergut\",\"https:\/\/www.instagram.com\/hotelrittergut\/\"]}]}<\/script>\n<!-- \/ Yoast SEO plugin. -->","yoast_head_json":{"title":"neuigkeiten - Hotel &amp; Restaurant - Rittergut","robots":{"index":"index","follow":"follow","max-snippet":"max-snippet:-1","max-image-preview":"max-image-preview:large","max-video-preview":"max-video-preview:-1"},"canonical":"https:\/\/hotelrittergut.de\/en\/neuigkeiten\/","og_locale":"en_GB","og_type":"article","og_title":"neuigkeiten - Hotel &amp; Restaurant - Rittergut","og_description":"Neues aus dem Rittergut Unser Team sucht Verst\u00e4rkung Wir suchen ab sofort: K\u00fcchenhilfe in Teil- oder Vollzeit Fr\u00fchst\u00fcckskraft in Teil- oder Vollzeit Ausf\u00fchrliche Infos senden wir auf Anfrage gern per Email oder beantworten &#8230; Weiterlesen \u2192 Weihnachtszeit im Rittergut &#8211; Martinsgansessen vom 11.11.21 bis 23.12.12\/ nach vorheriger Reservierung &#8211; Schlemmen an den Feiertagen\/ 25. und [&hellip;]","og_url":"https:\/\/hotelrittergut.de\/en\/neuigkeiten\/","og_site_name":"Hotel &amp; Restaurant - Rittergut","article_publisher":"https:\/\/www.facebook.com\/HotelRittergut","article_modified_time":"2022-06-13T18:25:25+00:00","og_image":[{"width":1728,"height":1152,"url":"https:\/\/hotelrittergut.de\/wp-content\/uploads\/2021\/12\/Studi-158.jpg","type":"image\/jpeg"}],"twitter_card":"summary_large_image","twitter_misc":{"Estimated reading time":"2 minutes"},"schema":{"@context":"https:\/\/schema.org","@graph":[{"@type":"WebPage","@id":"https:\/\/hotelrittergut.de\/neuigkeiten\/","url":"https:\/\/hotelrittergut.de\/neuigkeiten\/","name":"neuigkeiten - Hotel &amp; Restaurant - Rittergut","isPartOf":{"@id":"https:\/\/hotelrittergut.de\/#website"},"primaryImageOfPage":{"@id":"https:\/\/hotelrittergut.de\/neuigkeiten\/#primaryimage"},"image":{"@id":"https:\/\/hotelrittergut.de\/neuigkeiten\/#primaryimage"},"thumbnailUrl":"https:\/\/hotelrittergut.de\/wp-content\/uploads\/2021\/12\/Studi-158.jpg","datePublished":"2021-05-24T08:15:20+00:00","dateModified":"2022-06-13T18:25:25+00:00","breadcrumb":{"@id":"https:\/\/hotelrittergut.de\/neuigkeiten\/#breadcrumb"},"inLanguage":"en-GB","potentialAction":[{"@type":"ReadAction","target":["https:\/\/hotelrittergut.de\/neuigkeiten\/"]}]},{"@type":"ImageObject","inLanguage":"en-GB","@id":"https:\/\/hotelrittergut.de\/neuigkeiten\/#primaryimage","url":"https:\/\/hotelrittergut.de\/wp-content\/uploads\/2021\/12\/Studi-158.jpg","contentUrl":"https:\/\/hotelrittergut.de\/wp-content\/uploads\/2021\/12\/Studi-158.jpg","width":1728,"height":1152},{"@type":"BreadcrumbList","@id":"https:\/\/hotelrittergut.de\/neuigkeiten\/#breadcrumb","itemListElement":[{"@type":"ListItem","position":1,"name":"Startseite","item":"https:\/\/hotelrittergut.de\/"},{"@type":"ListItem","position":2,"name":"neuigkeiten"}]},{"@type":"WebSite","@id":"https:\/\/hotelrittergut.de\/#website","url":"https:\/\/hotelrittergut.de\/","name":"Hotel &amp; Restaurant - Rittergut","description":"","publisher":{"@id":"https:\/\/hotelrittergut.de\/#organization"},"potentialAction":[{"@type":"SearchAction","target":{"@type":"EntryPoint","urlTemplate":"https:\/\/hotelrittergut.de\/?s={search_term_string}"},"query-input":{"@type":"PropertyValueSpecification","valueRequired":true,"valueName":"search_term_string"}}],"inLanguage":"en-GB"},{"@type":"Organization","@id":"https:\/\/hotelrittergut.de\/#organization","name":"Hotel &amp; Restaurant - Rittergut","url":"https:\/\/hotelrittergut.de\/","logo":{"@type":"ImageObject","inLanguage":"en-GB","@id":"https:\/\/hotelrittergut.de\/#\/schema\/logo\/image\/","url":"https:\/\/hotelrittergut.de\/wp-content\/uploads\/2020\/10\/logo.png","contentUrl":"https:\/\/hotelrittergut.de\/wp-content\/uploads\/2020\/10\/logo.png","width":264,"height":332,"caption":"Hotel &amp; Restaurant - Rittergut"},"image":{"@id":"https:\/\/hotelrittergut.de\/#\/schema\/logo\/image\/"},"sameAs":["https:\/\/www.facebook.com\/HotelRittergut","https:\/\/www.instagram.com\/hotelrittergut\/"]}]}},"_links":{"self":[{"href":"https:\/\/hotelrittergut.de\/en\/wp-json\/wp\/v2\/pages\/8491","targetHints":{"allow":["GET"]}}],"collection":[{"href":"https:\/\/hotelrittergut.de\/en\/wp-json\/wp\/v2\/pages"}],"about":[{"href":"https:\/\/hotelrittergut.de\/en\/wp-json\/wp\/v2\/types\/page"}],"author":[{"embeddable":true,"href":"https:\/\/hotelrittergut.de\/en\/wp-json\/wp\/v2\/users\/1"}],"replies":[{"embeddable":true,"href":"https:\/\/hotelrittergut.de\/en\/wp-json\/wp\/v2\/comments?post=8491"}],"version-history":[{"count":15,"href":"https:\/\/hotelrittergut.de\/en\/wp-json\/wp\/v2\/pages\/8491\/revisions"}],"predecessor-version":[{"id":13192,"href":"https:\/\/hotelrittergut.de\/en\/wp-json\/wp\/v2\/pages\/8491\/revisions\/13192"}],"wp:featuredmedia":[{"embeddable":true,"href":"https:\/\/hotelrittergut.de\/en\/wp-json\/wp\/v2\/media\/12914"}],"wp:attachment":[{"href":"https:\/\/hotelrittergut.de\/en\/wp-json\/wp\/v2\/media?parent=8491"}],"curies":[{"name":"wp","href":"https:\/\/api.w.org\/{rel}","templated":true}]}}