{"id":9,"date":"2020-09-25T00:23:55","date_gmt":"2020-09-24T22:23:55","guid":{"rendered":"https:\/\/hotelrittergut.de\/?page_id=9"},"modified":"2025-08-19T08:18:54","modified_gmt":"2025-08-19T06:18:54","slug":"impressum","status":"publish","type":"page","link":"https:\/\/hotelrittergut.de\/en\/impressum\/","title":{"rendered":"impressum"},"content":{"rendered":"<div data-elementor-type=\"wp-page\" data-elementor-id=\"9\" class=\"elementor elementor-9\" data-elementor-post-type=\"page\">\n\t\t\t\t\t\t<section class=\"elementor-section elementor-top-section elementor-element elementor-element-c98b3ec elementor-section-full_width elementor-section-height-default elementor-section-height-default\" data-id=\"c98b3ec\" data-element_type=\"section\">\n\t\t\t\t\t\t\t<div class=\"elementor-background-overlay\"><\/div>\n\t\t\t\t\t\t\t<div class=\"elementor-container elementor-column-gap-default\">\n\t\t\t\t\t<div class=\"elementor-column elementor-col-100 elementor-top-column elementor-element elementor-element-27b8eac\" data-id=\"27b8eac\" data-element_type=\"column\" data-settings=\"{&quot;background_background&quot;:&quot;classic&quot;}\">\n\t\t\t<div class=\"elementor-widget-wrap elementor-element-populated\">\n\t\t\t\t\t\t<div class=\"elementor-element elementor-element-2d2b278 elementor-widget elementor-widget-spacer\" data-id=\"2d2b278\" data-element_type=\"widget\" data-widget_type=\"spacer.default\">\n\t\t\t\t<div class=\"elementor-widget-container\">\n\t\t\t\t\t\t\t<div class=\"elementor-spacer\">\n\t\t\t<div class=\"elementor-spacer-inner\"><\/div>\n\t\t<\/div>\n\t\t\t\t\t\t<\/div>\n\t\t\t\t<\/div>\n\t\t\t\t\t<\/div>\n\t\t<\/div>\n\t\t\t\t\t<\/div>\n\t\t<\/section>\n\t\t\t\t<section class=\"elementor-section elementor-top-section elementor-element elementor-element-2fdb912 elementor-section-boxed elementor-section-height-default elementor-section-height-default\" data-id=\"2fdb912\" data-element_type=\"section\" data-settings=\"{&quot;background_background&quot;:&quot;classic&quot;}\">\n\t\t\t\t\t\t\t<div class=\"elementor-background-overlay\"><\/div>\n\t\t\t\t\t\t\t<div class=\"elementor-container elementor-column-gap-default\">\n\t\t\t\t\t<div class=\"elementor-column elementor-col-100 elementor-top-column elementor-element elementor-element-a7e093c\" data-id=\"a7e093c\" data-element_type=\"column\">\n\t\t\t<div class=\"elementor-widget-wrap elementor-element-populated\">\n\t\t\t\t\t\t<section class=\"elementor-section elementor-inner-section elementor-element elementor-element-69d8167 elementor-section-boxed elementor-section-height-default elementor-section-height-default\" data-id=\"69d8167\" data-element_type=\"section\" data-settings=\"{&quot;background_background&quot;:&quot;classic&quot;}\">\n\t\t\t\t\t\t<div class=\"elementor-container elementor-column-gap-no\">\n\t\t\t\t\t<div class=\"elementor-column elementor-col-100 elementor-inner-column elementor-element elementor-element-55f47b9\" data-id=\"55f47b9\" data-element_type=\"column\">\n\t\t\t<div class=\"elementor-widget-wrap elementor-element-populated\">\n\t\t\t\t\t\t<div class=\"elementor-element elementor-element-29baca2 elementor-widget elementor-widget-heading\" data-id=\"29baca2\" data-element_type=\"widget\" data-widget_type=\"heading.default\">\n\t\t\t\t<div class=\"elementor-widget-container\">\n\t\t\t\t\t<h1 class=\"elementor-heading-title elementor-size-default\">impressum<\/h1>\t\t\t\t<\/div>\n\t\t\t\t<\/div>\n\t\t\t\t<div class=\"elementor-element elementor-element-cd79136 elementor-widget elementor-widget-text-editor\" data-id=\"cd79136\" data-element_type=\"widget\" data-widget_type=\"text-editor.default\">\n\t\t\t\t<div class=\"elementor-widget-container\">\n\t\t\t\t\t\t\t\t\t<h3>Angaben gem\u00e4\u00df \u00a7 5 Digitale-Dienste-Gesetz (DDG)<\/h3><p>Hotel &amp; Restaurant Rittergut<br \/>Zum Rittergut 11<br \/>D &#8211; 06628 Naumburg OT Kreipitzsch<\/p><p>BITTE beachten Sie bei der Anfahrt und Nutzung von Navigationsger\u00e4ten die genaue Stra\u00dfenbezeichnung (Zum Rittergut) und Ortsangabe (Kreipitzsch)<\/p><p class=\"translation-block\">Telephone: 034466 - 6000 <br> Fax: 034466 - 60050<\/p><p>E-Mail: hotelrittergut@rudelsburg.com<br \/>Internet: www.hotelrittergut.de<\/p><p>Inhaber: Klaus Pokrant<br \/>Zust\u00e4ndige Aufsichtsbeh\u00f6rde: Gewerbeamt Stadt Naumburg\/Saale<\/p><p>Umsatzsteuer-Identifikationsnummer gem\u00e4\u00df \u00a7 27 a Umsatzsteuergesetz: DE 175797714<\/p><p>Inhaltlich Verantwortlicher gem\u00e4\u00df \u00a7 10 Absatz 3 MDStV:<br \/>Klaus Pokrant (Anschrift wie oben)<\/p><h3>Haftungsausschluss (Disclaimer)<\/h3><p><strong>Haftung f\u00fcr Inhalte<\/strong><\/p><p>Als Diensteanbieter sind wir gem\u00e4\u00df den allgemeinen Gesetzen f\u00fcr eigene Inhalte auf diesen Seiten verantwortlich. Wir sind jedoch nicht verpflichtet, \u00fcbermittelte oder gespeicherte fremde Informationen zu \u00fcberwachen oder nach Umst\u00e4nden zu forschen, die auf eine rechtswidrige T\u00e4tigkeit hinweisen. Verpflichtungen zur Entfernung oder Sperrung der Nutzung von Informationen nach den allgemeinen Gesetzen bleiben hiervon unber\u00fchrt. Eine diesbez\u00fcgliche Haftung ist jedoch erst ab dem Zeitpunkt der Kenntnis einer konkreten Rechtsverletzung m\u00f6glich. Bei Bekanntwerden entsprechender Rechtsverletzungen entfernen wir diese Inhalte umgehend.<\/p><p><strong>Haftung f\u00fcr Links<\/strong><\/p><p>Unser Angebot enth\u00e4lt Links zu externen Websites Dritter, auf deren Inhalte wir keinen Einfluss haben. Deshalb \u00fcbernehmen wir f\u00fcr diese fremden Inhalte auch keine Gew\u00e4hr. F\u00fcr die Inhalte der verlinkten Seiten ist stets der jeweilige Anbieter oder Betreiber verantwortlich. Die verlinkten Seiten wurden zum Zeitpunkt der Verlinkung auf m\u00f6gliche Rechtsverst\u00f6\u00dfe \u00fcberpr\u00fcft, rechtswidrige Inhalte waren zu diesem Zeitpunkt nicht erkennbar. Eine permanente inhaltliche Kontrolle der verlinkten Seiten ist ohne konkrete Anhaltspunkte einer Rechtsverletzung nicht zumutbar. Bei Bekanntwerden von Rechtsverletzungen entfernen wir solche Links umgehend.<\/p><p><strong>Urheberrecht<\/strong><\/p><p>Die durch die Seitenbetreiber erstellten Inhalte und Werke auf dieser Website unterliegen dem deutschen Urheberrecht. Die Vervielf\u00e4ltigung, Bearbeitung, Verbreitung und jede Art der Verwertung au\u00dferhalb der Grenzen des Urheberrechts bed\u00fcrfen der schriftlichen Zustimmung des jeweiligen Autors bzw. Erstellers. Downloads und Kopien dieser Seite sind nur f\u00fcr den privaten, nicht kommerziellen Gebrauch gestattet. Soweit Inhalte auf dieser Seite nicht vom Betreiber erstellt wurden, werden die Urheberrechte Dritter beachtet. Inhalte Dritter sind entsprechend gekennzeichnet. Sollten Sie trotzdem auf eine Urheberrechtsverletzung aufmerksam werden, bitten wir um einen entsprechenden Hinweis. Bei Bekanntwerden von Rechtsverletzungen entfernen wir derartige Inhalte umgehend.<\/p><h3>Quellenangaben f\u00fcr die verwendeten Bilder und Grafiken:<\/h3><p><strong>Adobe Stock<\/strong><\/p><ul><li>Ok #258627924<\/li><li>medwedja #347622647<\/li><li>sandipruel #218992312<\/li><li>berdsigns #182017183<\/li><li>llhedgehogll #257352556<\/li><li>Pixel-Shot #240838352<\/li><li>smspsy #199693074<\/li><li>Alexander Raths #95506021<\/li><li>Richard Semik #329117251<\/li><li>contrastwerkstatt #86270108<\/li><li>doris oberfrank-list #217587003<\/li><li>Sonja Birkelbach #49397829<\/li><\/ul><h3>Webdesign &amp; Entwicklung<\/h3><p><a href=\"https:\/\/wir-bauen-ihre-website.de\" target=\"_blank\" rel=\"noopener\">&gt;&gt; wir-bauen-ihre-website.de<\/a><\/p>\t\t\t\t\t\t\t\t<\/div>\n\t\t\t\t<\/div>\n\t\t\t\t\t<\/div>\n\t\t<\/div>\n\t\t\t\t\t<\/div>\n\t\t<\/section>\n\t\t\t\t\t<\/div>\n\t\t<\/div>\n\t\t\t\t\t<\/div>\n\t\t<\/section>\n\t\t\t\t<\/div>","protected":false},"excerpt":{"rendered":"<p>Impressum Angaben gem\u00e4\u00df \u00a7 5 Digitale-Dienste-Gesetz (DDG) Hotel &amp; Restaurant RittergutZum Rittergut 11D &#8211; 06628 Naumburg OT Kreipitzsch BITTE beachten Sie bei der Anfahrt und Nutzung von Navigationsger\u00e4ten die genaue Stra\u00dfenbezeichnung (Zum Rittergut) und Ortsangabe (Kreipitzsch) Telefon: 034466 &#8211; 6000Telefax : 034466 &#8211; 60050 E-Mail: hotelrittergut@rudelsburg.comInternet: www.hotelrittergut.de Inhaber: Klaus PokrantZust\u00e4ndige Aufsichtsbeh\u00f6rde: Gewerbeamt Stadt Naumburg\/Saale Umsatzsteuer-Identifikationsnummer [&hellip;]<\/p>","protected":false},"author":1,"featured_media":0,"parent":0,"menu_order":0,"comment_status":"closed","ping_status":"closed","template":"elementor_header_footer","meta":{"site-sidebar-layout":"no-sidebar","site-content-layout":"page-builder","ast-site-content-layout":"default","site-content-style":"default","site-sidebar-style":"default","ast-global-header-display":"","ast-banner-title-visibility":"","ast-main-header-display":"","ast-hfb-above-header-display":"","ast-hfb-below-header-display":"","ast-hfb-mobile-header-display":"","site-post-title":"disabled","ast-breadcrumbs-content":"","ast-featured-img":"disabled","footer-sml-layout":"","theme-transparent-header-meta":"default","adv-header-id-meta":"","stick-header-meta":"","header-above-stick-meta":"","header-main-stick-meta":"","header-below-stick-meta":"","astra-migrate-meta-layouts":"default","ast-page-background-enabled":"default","ast-page-background-meta":{"desktop":{"background-color":"","background-image":"","background-repeat":"repeat","background-position":"center center","background-size":"auto","background-attachment":"scroll","background-type":"","background-media":"","overlay-type":"","overlay-color":"","overlay-opacity":"","overlay-gradient":""},"tablet":{"background-color":"","background-image":"","background-repeat":"repeat","background-position":"center center","background-size":"auto","background-attachment":"scroll","background-type":"","background-media":"","overlay-type":"","overlay-color":"","overlay-opacity":"","overlay-gradient":""},"mobile":{"background-color":"","background-image":"","background-repeat":"repeat","background-position":"center center","background-size":"auto","background-attachment":"scroll","background-type":"","background-media":"","overlay-type":"","overlay-color":"","overlay-opacity":"","overlay-gradient":""}},"ast-content-background-meta":{"desktop":{"background-color":"var(--ast-global-color-5)","background-image":"","background-repeat":"repeat","background-position":"center center","background-size":"auto","background-attachment":"scroll","background-type":"","background-media":"","overlay-type":"","overlay-color":"","overlay-opacity":"","overlay-gradient":""},"tablet":{"background-color":"var(--ast-global-color-5)","background-image":"","background-repeat":"repeat","background-position":"center center","background-size":"auto","background-attachment":"scroll","background-type":"","background-media":"","overlay-type":"","overlay-color":"","overlay-opacity":"","overlay-gradient":""},"mobile":{"background-color":"var(--ast-global-color-5)","background-image":"","background-repeat":"repeat","background-position":"center center","background-size":"auto","background-attachment":"scroll","background-type":"","background-media":"","overlay-type":"","overlay-color":"","overlay-opacity":"","overlay-gradient":""}},"footnotes":""},"class_list":["post-9","page","type-page","status-publish","hentry"],"yoast_head":"<!-- This site is optimized with the Yoast SEO plugin v26.5 - https:\/\/yoast.com\/wordpress\/plugins\/seo\/ -->\n<title>Impressum - Hotel &amp; Restaurant - Rittergut<\/title>\n<meta name=\"robots\" content=\"noindex, nofollow\" \/>\n<meta property=\"og:locale\" content=\"en_GB\" \/>\n<meta property=\"og:type\" content=\"article\" \/>\n<meta property=\"og:title\" content=\"Impressum - Hotel &amp; Restaurant - Rittergut\" \/>\n<meta property=\"og:description\" content=\"Impressum Angaben gem\u00e4\u00df \u00a7 5 Digitale-Dienste-Gesetz (DDG) Hotel &amp; Restaurant RittergutZum Rittergut 11D &#8211; 06628 Naumburg OT Kreipitzsch BITTE beachten Sie bei der Anfahrt und Nutzung von Navigationsger\u00e4ten die genaue Stra\u00dfenbezeichnung (Zum Rittergut) und Ortsangabe (Kreipitzsch) Telefon: 034466 &#8211; 6000Telefax : 034466 &#8211; 60050 E-Mail: hotelrittergut@rudelsburg.comInternet: www.hotelrittergut.de Inhaber: Klaus PokrantZust\u00e4ndige Aufsichtsbeh\u00f6rde: Gewerbeamt Stadt Naumburg\/Saale Umsatzsteuer-Identifikationsnummer [&hellip;]\" \/>\n<meta property=\"og:url\" content=\"https:\/\/hotelrittergut.de\/en\/impressum\/\" \/>\n<meta property=\"og:site_name\" content=\"Hotel &amp; Restaurant - Rittergut\" \/>\n<meta property=\"article:publisher\" content=\"https:\/\/www.facebook.com\/HotelRittergut\" \/>\n<meta property=\"article:modified_time\" content=\"2025-08-19T06:18:54+00:00\" \/>\n<meta name=\"twitter:card\" content=\"summary_large_image\" \/>\n<meta name=\"twitter:label1\" content=\"Estimated reading time\" \/>\n\t<meta name=\"twitter:data1\" content=\"3 minutes\" \/>\n<script type=\"application\/ld+json\" class=\"yoast-schema-graph\">{\"@context\":\"https:\/\/schema.org\",\"@graph\":[{\"@type\":\"WebPage\",\"@id\":\"https:\/\/hotelrittergut.de\/impressum\/\",\"url\":\"https:\/\/hotelrittergut.de\/impressum\/\",\"name\":\"Impressum - Hotel &amp; Restaurant - Rittergut\",\"isPartOf\":{\"@id\":\"https:\/\/hotelrittergut.de\/#website\"},\"datePublished\":\"2020-09-24T22:23:55+00:00\",\"dateModified\":\"2025-08-19T06:18:54+00:00\",\"breadcrumb\":{\"@id\":\"https:\/\/hotelrittergut.de\/impressum\/#breadcrumb\"},\"inLanguage\":\"en-GB\",\"potentialAction\":[{\"@type\":\"ReadAction\",\"target\":[\"https:\/\/hotelrittergut.de\/impressum\/\"]}]},{\"@type\":\"BreadcrumbList\",\"@id\":\"https:\/\/hotelrittergut.de\/impressum\/#breadcrumb\",\"itemListElement\":[{\"@type\":\"ListItem\",\"position\":1,\"name\":\"Startseite\",\"item\":\"https:\/\/hotelrittergut.de\/\"},{\"@type\":\"ListItem\",\"position\":2,\"name\":\"Impressum\"}]},{\"@type\":\"WebSite\",\"@id\":\"https:\/\/hotelrittergut.de\/#website\",\"url\":\"https:\/\/hotelrittergut.de\/\",\"name\":\"Hotel &amp; Restaurant - Rittergut\",\"description\":\"\",\"publisher\":{\"@id\":\"https:\/\/hotelrittergut.de\/#organization\"},\"potentialAction\":[{\"@type\":\"SearchAction\",\"target\":{\"@type\":\"EntryPoint\",\"urlTemplate\":\"https:\/\/hotelrittergut.de\/?s={search_term_string}\"},\"query-input\":{\"@type\":\"PropertyValueSpecification\",\"valueRequired\":true,\"valueName\":\"search_term_string\"}}],\"inLanguage\":\"en-GB\"},{\"@type\":\"Organization\",\"@id\":\"https:\/\/hotelrittergut.de\/#organization\",\"name\":\"Hotel &amp; Restaurant - Rittergut\",\"url\":\"https:\/\/hotelrittergut.de\/\",\"logo\":{\"@type\":\"ImageObject\",\"inLanguage\":\"en-GB\",\"@id\":\"https:\/\/hotelrittergut.de\/#\/schema\/logo\/image\/\",\"url\":\"https:\/\/hotelrittergut.de\/wp-content\/uploads\/2020\/10\/logo.png\",\"contentUrl\":\"https:\/\/hotelrittergut.de\/wp-content\/uploads\/2020\/10\/logo.png\",\"width\":264,\"height\":332,\"caption\":\"Hotel &amp; Restaurant - Rittergut\"},\"image\":{\"@id\":\"https:\/\/hotelrittergut.de\/#\/schema\/logo\/image\/\"},\"sameAs\":[\"https:\/\/www.facebook.com\/HotelRittergut\",\"https:\/\/www.instagram.com\/hotelrittergut\/\"]}]}<\/script>\n<!-- \/ Yoast SEO plugin. -->","yoast_head_json":{"title":"Impressum - Hotel &amp; Restaurant - Rittergut","robots":{"index":"noindex","follow":"nofollow"},"og_locale":"en_GB","og_type":"article","og_title":"Impressum - Hotel &amp; Restaurant - Rittergut","og_description":"Impressum Angaben gem\u00e4\u00df \u00a7 5 Digitale-Dienste-Gesetz (DDG) Hotel &amp; Restaurant RittergutZum Rittergut 11D &#8211; 06628 Naumburg OT Kreipitzsch BITTE beachten Sie bei der Anfahrt und Nutzung von Navigationsger\u00e4ten die genaue Stra\u00dfenbezeichnung (Zum Rittergut) und Ortsangabe (Kreipitzsch) Telefon: 034466 &#8211; 6000Telefax : 034466 &#8211; 60050 E-Mail: hotelrittergut@rudelsburg.comInternet: www.hotelrittergut.de Inhaber: Klaus PokrantZust\u00e4ndige Aufsichtsbeh\u00f6rde: Gewerbeamt Stadt Naumburg\/Saale Umsatzsteuer-Identifikationsnummer [&hellip;]","og_url":"https:\/\/hotelrittergut.de\/en\/impressum\/","og_site_name":"Hotel &amp; Restaurant - Rittergut","article_publisher":"https:\/\/www.facebook.com\/HotelRittergut","article_modified_time":"2025-08-19T06:18:54+00:00","twitter_card":"summary_large_image","twitter_misc":{"Estimated reading time":"3 minutes"},"schema":{"@context":"https:\/\/schema.org","@graph":[{"@type":"WebPage","@id":"https:\/\/hotelrittergut.de\/impressum\/","url":"https:\/\/hotelrittergut.de\/impressum\/","name":"Impressum - Hotel &amp; Restaurant - Rittergut","isPartOf":{"@id":"https:\/\/hotelrittergut.de\/#website"},"datePublished":"2020-09-24T22:23:55+00:00","dateModified":"2025-08-19T06:18:54+00:00","breadcrumb":{"@id":"https:\/\/hotelrittergut.de\/impressum\/#breadcrumb"},"inLanguage":"en-GB","potentialAction":[{"@type":"ReadAction","target":["https:\/\/hotelrittergut.de\/impressum\/"]}]},{"@type":"BreadcrumbList","@id":"https:\/\/hotelrittergut.de\/impressum\/#breadcrumb","itemListElement":[{"@type":"ListItem","position":1,"name":"Startseite","item":"https:\/\/hotelrittergut.de\/"},{"@type":"ListItem","position":2,"name":"Impressum"}]},{"@type":"WebSite","@id":"https:\/\/hotelrittergut.de\/#website","url":"https:\/\/hotelrittergut.de\/","name":"Hotel &amp; Restaurant - Rittergut","description":"","publisher":{"@id":"https:\/\/hotelrittergut.de\/#organization"},"potentialAction":[{"@type":"SearchAction","target":{"@type":"EntryPoint","urlTemplate":"https:\/\/hotelrittergut.de\/?s={search_term_string}"},"query-input":{"@type":"PropertyValueSpecification","valueRequired":true,"valueName":"search_term_string"}}],"inLanguage":"en-GB"},{"@type":"Organization","@id":"https:\/\/hotelrittergut.de\/#organization","name":"Hotel &amp; Restaurant - Rittergut","url":"https:\/\/hotelrittergut.de\/","logo":{"@type":"ImageObject","inLanguage":"en-GB","@id":"https:\/\/hotelrittergut.de\/#\/schema\/logo\/image\/","url":"https:\/\/hotelrittergut.de\/wp-content\/uploads\/2020\/10\/logo.png","contentUrl":"https:\/\/hotelrittergut.de\/wp-content\/uploads\/2020\/10\/logo.png","width":264,"height":332,"caption":"Hotel &amp; Restaurant - Rittergut"},"image":{"@id":"https:\/\/hotelrittergut.de\/#\/schema\/logo\/image\/"},"sameAs":["https:\/\/www.facebook.com\/HotelRittergut","https:\/\/www.instagram.com\/hotelrittergut\/"]}]}},"_links":{"self":[{"href":"https:\/\/hotelrittergut.de\/en\/wp-json\/wp\/v2\/pages\/9","targetHints":{"allow":["GET"]}}],"collection":[{"href":"https:\/\/hotelrittergut.de\/en\/wp-json\/wp\/v2\/pages"}],"about":[{"href":"https:\/\/hotelrittergut.de\/en\/wp-json\/wp\/v2\/types\/page"}],"author":[{"embeddable":true,"href":"https:\/\/hotelrittergut.de\/en\/wp-json\/wp\/v2\/users\/1"}],"replies":[{"embeddable":true,"href":"https:\/\/hotelrittergut.de\/en\/wp-json\/wp\/v2\/comments?post=9"}],"version-history":[{"count":38,"href":"https:\/\/hotelrittergut.de\/en\/wp-json\/wp\/v2\/pages\/9\/revisions"}],"predecessor-version":[{"id":13587,"href":"https:\/\/hotelrittergut.de\/en\/wp-json\/wp\/v2\/pages\/9\/revisions\/13587"}],"wp:attachment":[{"href":"https:\/\/hotelrittergut.de\/en\/wp-json\/wp\/v2\/media?parent=9"}],"curies":[{"name":"wp","href":"https:\/\/api.w.org\/{rel}","templated":true}]}}