{"id":9407,"date":"2021-07-20T15:27:24","date_gmt":"2021-07-20T13:27:24","guid":{"rendered":"https:\/\/hotelrittergut.de\/?page_id=9407"},"modified":"2026-02-21T10:59:38","modified_gmt":"2026-02-21T09:59:38","slug":"anfahrt","status":"publish","type":"page","link":"https:\/\/hotelrittergut.de\/en\/anfahrt\/","title":{"rendered":"approach"},"content":{"rendered":"<div data-elementor-type=\"wp-page\" data-elementor-id=\"9407\" class=\"elementor elementor-9407\" data-elementor-post-type=\"page\">\n\t\t\t\t\t\t<section class=\"elementor-section elementor-top-section elementor-element elementor-element-037e51a elementor-section-full_width elementor-section-height-default elementor-section-height-default\" data-id=\"037e51a\" data-element_type=\"section\">\n\t\t\t\t\t\t\t<div class=\"elementor-background-overlay\"><\/div>\n\t\t\t\t\t\t\t<div class=\"elementor-container elementor-column-gap-default\">\n\t\t\t\t\t<div class=\"elementor-column elementor-col-100 elementor-top-column elementor-element elementor-element-e8f9f23\" data-id=\"e8f9f23\" data-element_type=\"column\" data-settings=\"{&quot;background_background&quot;:&quot;classic&quot;}\">\n\t\t\t<div class=\"elementor-widget-wrap elementor-element-populated\">\n\t\t\t\t\t\t<div class=\"elementor-element elementor-element-f142d83 elementor-widget elementor-widget-spacer\" data-id=\"f142d83\" data-element_type=\"widget\" data-widget_type=\"spacer.default\">\n\t\t\t\t<div class=\"elementor-widget-container\">\n\t\t\t\t\t\t\t<div class=\"elementor-spacer\">\n\t\t\t<div class=\"elementor-spacer-inner\"><\/div>\n\t\t<\/div>\n\t\t\t\t\t\t<\/div>\n\t\t\t\t<\/div>\n\t\t\t\t\t<\/div>\n\t\t<\/div>\n\t\t\t\t\t<\/div>\n\t\t<\/section>\n\t\t\t\t<section class=\"elementor-section elementor-top-section elementor-element elementor-element-57295c9 elementor-section-boxed elementor-section-height-default elementor-section-height-default\" data-id=\"57295c9\" data-element_type=\"section\" data-settings=\"{&quot;background_background&quot;:&quot;classic&quot;}\">\n\t\t\t\t\t\t\t<div class=\"elementor-background-overlay\"><\/div>\n\t\t\t\t\t\t\t<div class=\"elementor-container elementor-column-gap-default\">\n\t\t\t\t\t<div class=\"elementor-column elementor-col-50 elementor-top-column elementor-element elementor-element-ef19fb7\" data-id=\"ef19fb7\" data-element_type=\"column\">\n\t\t\t<div class=\"elementor-widget-wrap elementor-element-populated\">\n\t\t\t\t\t\t<section class=\"elementor-section elementor-inner-section elementor-element elementor-element-e1ca3c1 elementor-section-boxed elementor-section-height-default elementor-section-height-default\" data-id=\"e1ca3c1\" data-element_type=\"section\" data-settings=\"{&quot;background_background&quot;:&quot;classic&quot;}\">\n\t\t\t\t\t\t<div class=\"elementor-container elementor-column-gap-no\">\n\t\t\t\t\t<div class=\"elementor-column elementor-col-100 elementor-inner-column elementor-element elementor-element-ba2827d\" data-id=\"ba2827d\" data-element_type=\"column\">\n\t\t\t<div class=\"elementor-widget-wrap elementor-element-populated\">\n\t\t\t\t\t\t<div class=\"elementor-element elementor-element-27404cf elementor-widget elementor-widget-heading\" data-id=\"27404cf\" data-element_type=\"widget\" data-widget_type=\"heading.default\">\n\t\t\t\t<div class=\"elementor-widget-container\">\n\t\t\t\t\t<h1 class=\"elementor-heading-title elementor-size-default\">approach<\/h1>\t\t\t\t<\/div>\n\t\t\t\t<\/div>\n\t\t\t\t<div class=\"elementor-element elementor-element-0c6bc32 elementor-widget elementor-widget-text-editor\" data-id=\"0c6bc32\" data-element_type=\"widget\" data-widget_type=\"text-editor.default\">\n\t\t\t\t<div class=\"elementor-widget-container\">\n\t\t\t\t\t\t\t\t\t<p>PLEASE note the exact street name (Zum Rittergut) and location (Kreipitzsch) when traveling to and using navigation devices.<\/p><p>Aktuell:<\/p><p>Ortsteil Heiligenkreuz gesperrt! (ab 15.2.26)<\/p><p>Anfahrt von Naumburg\/ B88 kommend \u00fcber: Leislau\/ Cr\u00f6lpa-L\u00f6bsch\u00fctz\/ Kreipitzsch<\/p><p>\u00a0<\/p><div>\u00a0<\/div><div>\u00a0<\/div><div>\u00a0<\/div><div>\u00a0<\/div>\t\t\t\t\t\t\t\t<\/div>\n\t\t\t\t<\/div>\n\t\t\t\t<div class=\"elementor-element elementor-element-b0ecdc8 elementor-widget elementor-widget-google_maps\" data-id=\"b0ecdc8\" data-element_type=\"widget\" data-widget_type=\"google_maps.default\">\n\t\t\t\t<div class=\"elementor-widget-container\">\n\t\t\t\t\t\t\t<div class=\"elementor-custom-embed\">\n\t\t\t<div class=\"BorlabsCookie _brlbs-cb-googlemaps\"><div class=\"_brlbs-content-blocker\"> <div class=\"_brlbs-embed _brlbs-google-maps\"> <img decoding=\"async\" class=\"_brlbs-thumbnail\" src=\"https:\/\/hotelrittergut.de\/wp-content\/plugins\/borlabs-cookie\/assets\/images\/cb-maps.png\" alt=\"Google Maps\"> <div class=\"_brlbs-caption\"> <p>Mit dem Laden der Karte akzeptieren Sie die Datenschutzerkl\u00e4rung von Google.<br><a href=\"https:\/\/policies.google.com\/privacy\" target=\"_blank\" rel=\"nofollow noopener noreferrer\">Mehr erfahren<\/a><\/p> <p><a class=\"_brlbs-btn\" href=\"#\" data-borlabs-cookie-unblock role=\"button\">Karte laden<\/a><\/p> <p><label><input type=\"checkbox\" name=\"unblockAll\" value=\"1\" checked> <small>Google Maps immer entsperren<\/small><\/label><\/p> <\/div> <\/div> <\/div><div class=\"borlabs-hide\" data-borlabs-cookie-type=\"content-blocker\" data-borlabs-cookie-id=\"googlemaps\"><script type=\"text\/template\">PGlmcmFtZSBsb2FkaW5nPSJsYXp5IgoJCQkJCXNyYz0iaHR0cHM6Ly9tYXBzLmdvb2dsZS5jb20vbWFwcz9xPVp1bSUyMFJpdHRlcmd1dCUyMDExJTJDJTIwMDY2MjglMjBOYXVtYnVyZyYjMDM4O3Q9bSYjMDM4O3o9MTEmIzAzODtvdXRwdXQ9ZW1iZWQmIzAzODtpd2xvYz1uZWFyIgoJCQkJCXRpdGxlPSJadW0gUml0dGVyZ3V0IDExLCAwNjYyOCBOYXVtYnVyZyIKCQkJCQlhcmlhLWxhYmVsPSJadW0gUml0dGVyZ3V0IDExLCAwNjYyOCBOYXVtYnVyZyIKCQkJPjwvaWZyYW1lPg==<\/script><\/div><\/div>\n\t\t<\/div>\n\t\t\t\t\t\t<\/div>\n\t\t\t\t<\/div>\n\t\t\t\t\t<\/div>\n\t\t<\/div>\n\t\t\t\t\t<\/div>\n\t\t<\/section>\n\t\t\t\t\t<\/div>\n\t\t<\/div>\n\t\t\t\t<div class=\"elementor-column elementor-col-50 elementor-top-column elementor-element elementor-element-029d26f\" data-id=\"029d26f\" data-element_type=\"column\" data-settings=\"{&quot;background_background&quot;:&quot;classic&quot;}\">\n\t\t\t<div class=\"elementor-widget-wrap elementor-element-populated\">\n\t\t\t\t\t\t<section class=\"elementor-section elementor-inner-section elementor-element elementor-element-ade6580 elementor-section-boxed elementor-section-height-default elementor-section-height-default\" data-id=\"ade6580\" data-element_type=\"section\" data-settings=\"{&quot;background_background&quot;:&quot;classic&quot;}\">\n\t\t\t\t\t\t<div class=\"elementor-container elementor-column-gap-no\">\n\t\t\t\t\t<div class=\"elementor-column elementor-col-100 elementor-inner-column elementor-element elementor-element-2d605d0\" data-id=\"2d605d0\" data-element_type=\"column\">\n\t\t\t<div class=\"elementor-widget-wrap elementor-element-populated\">\n\t\t\t\t\t\t<div class=\"elementor-element elementor-element-14ef42b elementor-widget elementor-widget-heading\" data-id=\"14ef42b\" data-element_type=\"widget\" data-widget_type=\"heading.default\">\n\t\t\t\t<div class=\"elementor-widget-container\">\n\t\t\t\t\t<h2 class=\"elementor-heading-title elementor-size-default\">location<\/h2>\t\t\t\t<\/div>\n\t\t\t\t<\/div>\n\t\t\t\t<div class=\"elementor-element elementor-element-6a626c8 elementor-widget elementor-widget-text-editor\" data-id=\"6a626c8\" data-element_type=\"widget\" data-widget_type=\"text-editor.default\">\n\t\t\t\t<div class=\"elementor-widget-container\">\n\t\t\t\t\t\t\t\t\t<p>Our Hotel &amp; Restaurant Rittergut is located approx. 10 km southwest of the center of Naumburg, in the district of Kreipitzsch. The Rudelsburg is 1 km as the crow flies.<\/p>\t\t\t\t\t\t\t\t<\/div>\n\t\t\t\t<\/div>\n\t\t\t\t\t<\/div>\n\t\t<\/div>\n\t\t\t\t\t<\/div>\n\t\t<\/section>\n\t\t\t\t<section class=\"elementor-section elementor-inner-section elementor-element elementor-element-8e5b502 elementor-section-boxed elementor-section-height-default elementor-section-height-default\" data-id=\"8e5b502\" data-element_type=\"section\" data-settings=\"{&quot;background_background&quot;:&quot;classic&quot;}\">\n\t\t\t\t\t\t<div class=\"elementor-container elementor-column-gap-no\">\n\t\t\t\t\t<div class=\"elementor-column elementor-col-100 elementor-inner-column elementor-element elementor-element-4d2b68a\" data-id=\"4d2b68a\" data-element_type=\"column\">\n\t\t\t<div class=\"elementor-widget-wrap elementor-element-populated\">\n\t\t\t\t\t\t<div class=\"elementor-element elementor-element-673a834 elementor-widget elementor-widget-heading\" data-id=\"673a834\" data-element_type=\"widget\" data-widget_type=\"heading.default\">\n\t\t\t\t<div class=\"elementor-widget-container\">\n\t\t\t\t\t<h2 class=\"elementor-heading-title elementor-size-default\">Parking<\/h2>\t\t\t\t<\/div>\n\t\t\t\t<\/div>\n\t\t\t\t<div class=\"elementor-element elementor-element-1a0eab4 elementor-widget elementor-widget-text-editor\" data-id=\"1a0eab4\" data-element_type=\"widget\" data-widget_type=\"text-editor.default\">\n\t\t\t\t<div class=\"elementor-widget-container\">\n\t\t\t\t\t\t\t\t\t<p>Sufficient parking spaces are available for you on our premises, including for tripbuses.<\/p><p>Parking space per night \/ car: \u20ac 1.50<\/p>\t\t\t\t\t\t\t\t<\/div>\n\t\t\t\t<\/div>\n\t\t\t\t\t<\/div>\n\t\t<\/div>\n\t\t\t\t\t<\/div>\n\t\t<\/section>\n\t\t\t\t\t<\/div>\n\t\t<\/div>\n\t\t\t\t\t<\/div>\n\t\t<\/section>\n\t\t\t\t<\/div>","protected":false},"excerpt":{"rendered":"<p>Anfahrt BITTE beachten Sie bei der Anfahrt und Nutzung von Navigationsger\u00e4ten die genaue Stra\u00dfenbezeichnung (Zum Rittergut) und Ortsangabe (Kreipitzsch). Aktuell: Ortsteil Heiligenkreuz gesperrt! (ab 15.2.26) Anfahrt von Naumburg\/ B88 kommend \u00fcber: Leislau\/ Cr\u00f6lpa-L\u00f6bsch\u00fctz\/ Kreipitzsch \u00a0 \u00a0\u00a0\u00a0\u00a0 Mit dem Laden der Karte akzeptieren Sie die Datenschutzerkl\u00e4rung von Google.Mehr erfahren Karte laden Google Maps immer entsperren Lage [&hellip;]<\/p>","protected":false},"author":1,"featured_media":0,"parent":0,"menu_order":0,"comment_status":"closed","ping_status":"closed","template":"elementor_header_footer","meta":{"site-sidebar-layout":"no-sidebar","site-content-layout":"page-builder","ast-site-content-layout":"default","site-content-style":"default","site-sidebar-style":"default","ast-global-header-display":"","ast-banner-title-visibility":"","ast-main-header-display":"","ast-hfb-above-header-display":"","ast-hfb-below-header-display":"","ast-hfb-mobile-header-display":"","site-post-title":"disabled","ast-breadcrumbs-content":"","ast-featured-img":"disabled","footer-sml-layout":"","theme-transparent-header-meta":"default","adv-header-id-meta":"","stick-header-meta":"","header-above-stick-meta":"","header-main-stick-meta":"","header-below-stick-meta":"","astra-migrate-meta-layouts":"default","ast-page-background-enabled":"default","ast-page-background-meta":{"desktop":{"background-color":"","background-image":"","background-repeat":"repeat","background-position":"center center","background-size":"auto","background-attachment":"scroll","background-type":"","background-media":"","overlay-type":"","overlay-color":"","overlay-opacity":"","overlay-gradient":""},"tablet":{"background-color":"","background-image":"","background-repeat":"repeat","background-position":"center center","background-size":"auto","background-attachment":"scroll","background-type":"","background-media":"","overlay-type":"","overlay-color":"","overlay-opacity":"","overlay-gradient":""},"mobile":{"background-color":"","background-image":"","background-repeat":"repeat","background-position":"center center","background-size":"auto","background-attachment":"scroll","background-type":"","background-media":"","overlay-type":"","overlay-color":"","overlay-opacity":"","overlay-gradient":""}},"ast-content-background-meta":{"desktop":{"background-color":"var(--ast-global-color-5)","background-image":"","background-repeat":"repeat","background-position":"center center","background-size":"auto","background-attachment":"scroll","background-type":"","background-media":"","overlay-type":"","overlay-color":"","overlay-opacity":"","overlay-gradient":""},"tablet":{"background-color":"var(--ast-global-color-5)","background-image":"","background-repeat":"repeat","background-position":"center center","background-size":"auto","background-attachment":"scroll","background-type":"","background-media":"","overlay-type":"","overlay-color":"","overlay-opacity":"","overlay-gradient":""},"mobile":{"background-color":"var(--ast-global-color-5)","background-image":"","background-repeat":"repeat","background-position":"center center","background-size":"auto","background-attachment":"scroll","background-type":"","background-media":"","overlay-type":"","overlay-color":"","overlay-opacity":"","overlay-gradient":""}},"footnotes":""},"class_list":["post-9407","page","type-page","status-publish","hentry"],"yoast_head":"<!-- This site is optimized with the Yoast SEO plugin v26.5 - https:\/\/yoast.com\/wordpress\/plugins\/seo\/ -->\n<title>\u1405 Hotel &amp; Restaurant Rittergut in Naumburg OT Kreipitzsch - Anfahrt<\/title>\n<meta name=\"description\" content=\"++ Sie m\u00f6chten in unser Hotel &amp; Restaurant Rittergut in Naumburg OT Kreipitzsch kommen? So finden Sie uns. ++\" \/>\n<meta name=\"robots\" content=\"index, follow, max-snippet:-1, max-image-preview:large, max-video-preview:-1\" \/>\n<link rel=\"canonical\" href=\"https:\/\/hotelrittergut.de\/en\/anfahrt\/\" \/>\n<meta property=\"og:locale\" content=\"en_GB\" \/>\n<meta property=\"og:type\" content=\"article\" \/>\n<meta property=\"og:title\" content=\"\u1405 Hotel &amp; Restaurant Rittergut in Naumburg OT Kreipitzsch - Anfahrt\" \/>\n<meta property=\"og:description\" content=\"++ Sie m\u00f6chten in unser Hotel &amp; Restaurant Rittergut in Naumburg OT Kreipitzsch kommen? So finden Sie uns. ++\" \/>\n<meta property=\"og:url\" content=\"https:\/\/hotelrittergut.de\/en\/anfahrt\/\" \/>\n<meta property=\"og:site_name\" content=\"Hotel &amp; Restaurant - Rittergut\" \/>\n<meta property=\"article:publisher\" content=\"https:\/\/www.facebook.com\/HotelRittergut\" \/>\n<meta property=\"article:modified_time\" content=\"2026-02-21T09:59:38+00:00\" \/>\n<meta name=\"twitter:card\" content=\"summary_large_image\" \/>\n<meta name=\"twitter:label1\" content=\"Estimated reading time\" \/>\n\t<meta name=\"twitter:data1\" content=\"1 minute\" \/>\n<script type=\"application\/ld+json\" class=\"yoast-schema-graph\">{\"@context\":\"https:\/\/schema.org\",\"@graph\":[{\"@type\":\"WebPage\",\"@id\":\"https:\/\/hotelrittergut.de\/anfahrt\/\",\"url\":\"https:\/\/hotelrittergut.de\/anfahrt\/\",\"name\":\"\u1405 Hotel & Restaurant Rittergut in Naumburg OT Kreipitzsch - Anfahrt\",\"isPartOf\":{\"@id\":\"https:\/\/hotelrittergut.de\/#website\"},\"datePublished\":\"2021-07-20T13:27:24+00:00\",\"dateModified\":\"2026-02-21T09:59:38+00:00\",\"description\":\"++ Sie m\u00f6chten in unser Hotel & Restaurant Rittergut in Naumburg OT Kreipitzsch kommen? So finden Sie uns. ++\",\"breadcrumb\":{\"@id\":\"https:\/\/hotelrittergut.de\/anfahrt\/#breadcrumb\"},\"inLanguage\":\"en-GB\",\"potentialAction\":[{\"@type\":\"ReadAction\",\"target\":[\"https:\/\/hotelrittergut.de\/anfahrt\/\"]}]},{\"@type\":\"BreadcrumbList\",\"@id\":\"https:\/\/hotelrittergut.de\/anfahrt\/#breadcrumb\",\"itemListElement\":[{\"@type\":\"ListItem\",\"position\":1,\"name\":\"Startseite\",\"item\":\"https:\/\/hotelrittergut.de\/\"},{\"@type\":\"ListItem\",\"position\":2,\"name\":\"Anfahrt\"}]},{\"@type\":\"WebSite\",\"@id\":\"https:\/\/hotelrittergut.de\/#website\",\"url\":\"https:\/\/hotelrittergut.de\/\",\"name\":\"Hotel &amp; Restaurant - Rittergut\",\"description\":\"\",\"publisher\":{\"@id\":\"https:\/\/hotelrittergut.de\/#organization\"},\"potentialAction\":[{\"@type\":\"SearchAction\",\"target\":{\"@type\":\"EntryPoint\",\"urlTemplate\":\"https:\/\/hotelrittergut.de\/?s={search_term_string}\"},\"query-input\":{\"@type\":\"PropertyValueSpecification\",\"valueRequired\":true,\"valueName\":\"search_term_string\"}}],\"inLanguage\":\"en-GB\"},{\"@type\":\"Organization\",\"@id\":\"https:\/\/hotelrittergut.de\/#organization\",\"name\":\"Hotel &amp; Restaurant - Rittergut\",\"url\":\"https:\/\/hotelrittergut.de\/\",\"logo\":{\"@type\":\"ImageObject\",\"inLanguage\":\"en-GB\",\"@id\":\"https:\/\/hotelrittergut.de\/#\/schema\/logo\/image\/\",\"url\":\"https:\/\/hotelrittergut.de\/wp-content\/uploads\/2020\/10\/logo.png\",\"contentUrl\":\"https:\/\/hotelrittergut.de\/wp-content\/uploads\/2020\/10\/logo.png\",\"width\":264,\"height\":332,\"caption\":\"Hotel &amp; Restaurant - Rittergut\"},\"image\":{\"@id\":\"https:\/\/hotelrittergut.de\/#\/schema\/logo\/image\/\"},\"sameAs\":[\"https:\/\/www.facebook.com\/HotelRittergut\",\"https:\/\/www.instagram.com\/hotelrittergut\/\"]}]}<\/script>\n<!-- \/ Yoast SEO plugin. -->","yoast_head_json":{"title":"\u1405 Hotel & Restaurant Rittergut in Naumburg OT Kreipitzsch - Anfahrt","description":"++ Sie m\u00f6chten in unser Hotel & Restaurant Rittergut in Naumburg OT Kreipitzsch kommen? So finden Sie uns. ++","robots":{"index":"index","follow":"follow","max-snippet":"max-snippet:-1","max-image-preview":"max-image-preview:large","max-video-preview":"max-video-preview:-1"},"canonical":"https:\/\/hotelrittergut.de\/en\/anfahrt\/","og_locale":"en_GB","og_type":"article","og_title":"\u1405 Hotel & Restaurant Rittergut in Naumburg OT Kreipitzsch - Anfahrt","og_description":"++ Sie m\u00f6chten in unser Hotel & Restaurant Rittergut in Naumburg OT Kreipitzsch kommen? So finden Sie uns. ++","og_url":"https:\/\/hotelrittergut.de\/en\/anfahrt\/","og_site_name":"Hotel &amp; Restaurant - Rittergut","article_publisher":"https:\/\/www.facebook.com\/HotelRittergut","article_modified_time":"2026-02-21T09:59:38+00:00","twitter_card":"summary_large_image","twitter_misc":{"Estimated reading time":"1 minute"},"schema":{"@context":"https:\/\/schema.org","@graph":[{"@type":"WebPage","@id":"https:\/\/hotelrittergut.de\/anfahrt\/","url":"https:\/\/hotelrittergut.de\/anfahrt\/","name":"\u1405 Hotel & Restaurant Rittergut in Naumburg OT Kreipitzsch - Anfahrt","isPartOf":{"@id":"https:\/\/hotelrittergut.de\/#website"},"datePublished":"2021-07-20T13:27:24+00:00","dateModified":"2026-02-21T09:59:38+00:00","description":"++ Sie m\u00f6chten in unser Hotel & Restaurant Rittergut in Naumburg OT Kreipitzsch kommen? So finden Sie uns. ++","breadcrumb":{"@id":"https:\/\/hotelrittergut.de\/anfahrt\/#breadcrumb"},"inLanguage":"en-GB","potentialAction":[{"@type":"ReadAction","target":["https:\/\/hotelrittergut.de\/anfahrt\/"]}]},{"@type":"BreadcrumbList","@id":"https:\/\/hotelrittergut.de\/anfahrt\/#breadcrumb","itemListElement":[{"@type":"ListItem","position":1,"name":"Startseite","item":"https:\/\/hotelrittergut.de\/"},{"@type":"ListItem","position":2,"name":"Anfahrt"}]},{"@type":"WebSite","@id":"https:\/\/hotelrittergut.de\/#website","url":"https:\/\/hotelrittergut.de\/","name":"Hotel &amp; Restaurant - Rittergut","description":"","publisher":{"@id":"https:\/\/hotelrittergut.de\/#organization"},"potentialAction":[{"@type":"SearchAction","target":{"@type":"EntryPoint","urlTemplate":"https:\/\/hotelrittergut.de\/?s={search_term_string}"},"query-input":{"@type":"PropertyValueSpecification","valueRequired":true,"valueName":"search_term_string"}}],"inLanguage":"en-GB"},{"@type":"Organization","@id":"https:\/\/hotelrittergut.de\/#organization","name":"Hotel &amp; Restaurant - Rittergut","url":"https:\/\/hotelrittergut.de\/","logo":{"@type":"ImageObject","inLanguage":"en-GB","@id":"https:\/\/hotelrittergut.de\/#\/schema\/logo\/image\/","url":"https:\/\/hotelrittergut.de\/wp-content\/uploads\/2020\/10\/logo.png","contentUrl":"https:\/\/hotelrittergut.de\/wp-content\/uploads\/2020\/10\/logo.png","width":264,"height":332,"caption":"Hotel &amp; Restaurant - Rittergut"},"image":{"@id":"https:\/\/hotelrittergut.de\/#\/schema\/logo\/image\/"},"sameAs":["https:\/\/www.facebook.com\/HotelRittergut","https:\/\/www.instagram.com\/hotelrittergut\/"]}]}},"_links":{"self":[{"href":"https:\/\/hotelrittergut.de\/en\/wp-json\/wp\/v2\/pages\/9407","targetHints":{"allow":["GET"]}}],"collection":[{"href":"https:\/\/hotelrittergut.de\/en\/wp-json\/wp\/v2\/pages"}],"about":[{"href":"https:\/\/hotelrittergut.de\/en\/wp-json\/wp\/v2\/types\/page"}],"author":[{"embeddable":true,"href":"https:\/\/hotelrittergut.de\/en\/wp-json\/wp\/v2\/users\/1"}],"replies":[{"embeddable":true,"href":"https:\/\/hotelrittergut.de\/en\/wp-json\/wp\/v2\/comments?post=9407"}],"version-history":[{"count":56,"href":"https:\/\/hotelrittergut.de\/en\/wp-json\/wp\/v2\/pages\/9407\/revisions"}],"predecessor-version":[{"id":13622,"href":"https:\/\/hotelrittergut.de\/en\/wp-json\/wp\/v2\/pages\/9407\/revisions\/13622"}],"wp:attachment":[{"href":"https:\/\/hotelrittergut.de\/en\/wp-json\/wp\/v2\/media?parent=9407"}],"curies":[{"name":"wp","href":"https:\/\/api.w.org\/{rel}","templated":true}]}}