{"id":9411,"date":"2021-07-20T15:29:17","date_gmt":"2021-07-20T13:29:17","guid":{"rendered":"https:\/\/hotelrittergut.de\/?page_id=9411"},"modified":"2022-06-13T20:21:56","modified_gmt":"2022-06-13T18:21:56","slug":"uebernachtung-naumburg-im-hotel-rittergut","status":"publish","type":"page","link":"https:\/\/hotelrittergut.de\/en\/uebernachtung-naumburg-im-hotel-rittergut\/","title":{"rendered":"\u00dcbernachtung Naumburg im Hotel Rittergut"},"content":{"rendered":"<div data-elementor-type=\"wp-page\" data-elementor-id=\"9411\" class=\"elementor elementor-9411\" data-elementor-post-type=\"page\">\n\t\t\t\t\t\t<section class=\"elementor-section elementor-top-section elementor-element elementor-element-e143ebb elementor-section-boxed elementor-section-height-default elementor-section-height-default\" data-id=\"e143ebb\" data-element_type=\"section\">\n\t\t\t\t\t\t\t<div class=\"elementor-background-overlay\"><\/div>\n\t\t\t\t\t\t\t<div class=\"elementor-container elementor-column-gap-default\">\n\t\t\t\t\t<div class=\"elementor-column elementor-col-100 elementor-top-column elementor-element elementor-element-cb5e561\" data-id=\"cb5e561\" data-element_type=\"column\">\n\t\t\t<div class=\"elementor-widget-wrap elementor-element-populated\">\n\t\t\t\t\t\t<section class=\"elementor-section elementor-inner-section elementor-element elementor-element-e7c0e79 elementor-section-boxed elementor-section-height-default elementor-section-height-default\" data-id=\"e7c0e79\" data-element_type=\"section\">\n\t\t\t\t\t\t<div class=\"elementor-container elementor-column-gap-default\">\n\t\t\t\t\t<div class=\"elementor-column elementor-col-100 elementor-inner-column elementor-element elementor-element-277c921\" data-id=\"277c921\" data-element_type=\"column\">\n\t\t\t<div class=\"elementor-widget-wrap elementor-element-populated\">\n\t\t\t\t\t\t<div class=\"elementor-element elementor-element-0894ee6 elementor-widget elementor-widget-heading\" data-id=\"0894ee6\" data-element_type=\"widget\" data-widget_type=\"heading.default\">\n\t\t\t\t<div class=\"elementor-widget-container\">\n\t\t\t\t\t<h2 class=\"elementor-heading-title elementor-size-default\">Spend the night and feel good\nin the manor Kreipitzsch near Naumburg \/ Saale<\/h2>\t\t\t\t<\/div>\n\t\t\t\t<\/div>\n\t\t\t\t\t<\/div>\n\t\t<\/div>\n\t\t\t\t\t<\/div>\n\t\t<\/section>\n\t\t\t\t\t<\/div>\n\t\t<\/div>\n\t\t\t\t\t<\/div>\n\t\t<\/section>\n\t\t\t\t<section class=\"elementor-section elementor-top-section elementor-element elementor-element-2739057 elementor-section-boxed elementor-section-height-default elementor-section-height-default\" data-id=\"2739057\" data-element_type=\"section\" data-settings=\"{&quot;background_background&quot;:&quot;classic&quot;}\">\n\t\t\t\t\t\t\t<div class=\"elementor-background-overlay\"><\/div>\n\t\t\t\t\t\t\t<div class=\"elementor-container elementor-column-gap-extended\">\n\t\t\t\t\t<div class=\"elementor-column elementor-col-100 elementor-top-column elementor-element elementor-element-d7f86e6\" data-id=\"d7f86e6\" data-element_type=\"column\" data-settings=\"{&quot;background_background&quot;:&quot;classic&quot;}\">\n\t\t\t<div class=\"elementor-widget-wrap elementor-element-populated\">\n\t\t\t\t\t\t<div class=\"elementor-element elementor-element-a6bb40b elementor-widget elementor-widget-heading\" data-id=\"a6bb40b\" data-element_type=\"widget\" data-widget_type=\"heading.default\">\n\t\t\t\t<div class=\"elementor-widget-container\">\n\t\t\t\t\t<h2 class=\"elementor-heading-title elementor-size-default\">Which overnight accommodation do you prefer?<\/h2>\t\t\t\t<\/div>\n\t\t\t\t<\/div>\n\t\t\t\t<div class=\"elementor-element elementor-element-c7f9618 elementor-widget elementor-widget-text-editor\" data-id=\"c7f9618\" data-element_type=\"widget\" data-widget_type=\"text-editor.default\">\n\t\t\t\t<div class=\"elementor-widget-container\">\n\t\t\t\t\t\t\t\t\t<p>Bei uns haben Sie die Wahl: <span style=\"font-size: 17px; color: var( --e-global-color-text ); font-family: var( --e-global-typography-text-font-family ), Sans-serif;\">Bevorzugen Sie es, in einem Hotelzimmer zu \u00fcbernachten oder doch lieber in einer separaten Ferienwohnung?\u00a0<\/span><span style=\"font-size: 17px; color: var( --e-global-color-text ); font-family: var( --e-global-typography-text-font-family ), Sans-serif;\">Gen\u00fcgt Ihnen eine einfache \u00dcbernachtung oder wollen Sie auch gleich noch etwas erleben wie z.B. einen Besuch der Toskana Therme Bad Sulza oder der Rotk\u00e4ppchen-Mumm-Sektkellerei in Freyburg?\u00a0<\/span><\/p><p><span style=\"color: var( --e-global-color-text ); font-family: var( --e-global-typography-text-font-family ), Sans-serif; font-size: 17px;\">No matter what you prefer, we are sure to have just the thing for you. Just take a look at our accommodation offers.<\/span><\/p>\t\t\t\t\t\t\t\t<\/div>\n\t\t\t\t<\/div>\n\t\t\t\t<section class=\"elementor-section elementor-inner-section elementor-element elementor-element-8c602ed elementor-section-boxed elementor-section-height-default elementor-section-height-default\" data-id=\"8c602ed\" data-element_type=\"section\">\n\t\t\t\t\t\t<div class=\"elementor-container elementor-column-gap-wide\">\n\t\t\t\t\t<div class=\"elementor-column elementor-col-33 elementor-inner-column elementor-element elementor-element-6ae5946\" data-id=\"6ae5946\" data-element_type=\"column\">\n\t\t\t<div class=\"elementor-widget-wrap elementor-element-populated\">\n\t\t\t\t\t\t<div class=\"elementor-element elementor-element-3afff80 elementor-widget elementor-widget-image\" data-id=\"3afff80\" data-element_type=\"widget\" data-widget_type=\"image.default\">\n\t\t\t\t<div class=\"elementor-widget-container\">\n\t\t\t\t\t\t\t\t\t\t\t\t\t\t\t\t<a href=\"\/en\/hotel-naumburg\/\">\n\t\t\t\t\t\t\t<img fetchpriority=\"high\" decoding=\"async\" width=\"600\" height=\"400\" src=\"https:\/\/hotelrittergut.de\/wp-content\/uploads\/2021\/08\/Hochzeitszimmer.jpeg\" class=\"attachment-large size-large wp-image-10076\" alt=\"\" srcset=\"https:\/\/hotelrittergut.de\/wp-content\/uploads\/2021\/08\/Hochzeitszimmer.jpeg 600w, https:\/\/hotelrittergut.de\/wp-content\/uploads\/2021\/08\/Hochzeitszimmer-300x200.jpeg 300w\" sizes=\"(max-width: 600px) 100vw, 600px\" \/>\t\t\t\t\t\t\t\t<\/a>\n\t\t\t\t\t\t\t\t\t\t\t\t\t\t\t<\/div>\n\t\t\t\t<\/div>\n\t\t\t\t<div class=\"elementor-element elementor-element-00e7179 elementor-widget elementor-widget-heading\" data-id=\"00e7179\" data-element_type=\"widget\" data-widget_type=\"heading.default\">\n\t\t\t\t<div class=\"elementor-widget-container\">\n\t\t\t\t\t<h2 class=\"elementor-heading-title elementor-size-default\">hotel room<\/h2>\t\t\t\t<\/div>\n\t\t\t\t<\/div>\n\t\t\t\t<div class=\"elementor-element elementor-element-d02e4d5 elementor-widget elementor-widget-text-editor\" data-id=\"d02e4d5\" data-element_type=\"widget\" data-widget_type=\"text-editor.default\">\n\t\t\t\t<div class=\"elementor-widget-container\">\n\t\t\t\t\t\t\t\t\t<p style=\"text-align: center;\">Unser Hotel verf\u00fcgt \u00fcber 15 Doppelzimmer und 5 Einzelzimmer. Dazu gibt es ein exklusives Hochzeitszimmer. Allesamt sind modern ausgestattet &amp; komfortabel eingerichtet.<\/p>\t\t\t\t\t\t\t\t<\/div>\n\t\t\t\t<\/div>\n\t\t\t\t<div class=\"elementor-element elementor-element-0a0b8e4 elementor-align-justify elementor-widget elementor-widget-button\" data-id=\"0a0b8e4\" data-element_type=\"widget\" data-widget_type=\"button.default\">\n\t\t\t\t<div class=\"elementor-widget-container\">\n\t\t\t\t\t\t\t\t\t<div class=\"elementor-button-wrapper\">\n\t\t\t\t\t<a class=\"elementor-button elementor-button-link elementor-size-sm elementor-animation-wobble-vertical\" href=\"\/en\/hotel-naumburg\/\">\n\t\t\t\t\t\t<span class=\"elementor-button-content-wrapper\">\n\t\t\t\t\t\t\t\t\t<span class=\"elementor-button-text\">\u00bb Learn more<\/span>\n\t\t\t\t\t<\/span>\n\t\t\t\t\t<\/a>\n\t\t\t\t<\/div>\n\t\t\t\t\t\t\t\t<\/div>\n\t\t\t\t<\/div>\n\t\t\t\t\t<\/div>\n\t\t<\/div>\n\t\t\t\t<div class=\"elementor-column elementor-col-33 elementor-inner-column elementor-element elementor-element-da94a50\" data-id=\"da94a50\" data-element_type=\"column\">\n\t\t\t<div class=\"elementor-widget-wrap elementor-element-populated\">\n\t\t\t\t\t\t<div class=\"elementor-element elementor-element-675760b elementor-widget elementor-widget-image\" data-id=\"675760b\" data-element_type=\"widget\" data-widget_type=\"image.default\">\n\t\t\t\t<div class=\"elementor-widget-container\">\n\t\t\t\t\t\t\t\t\t\t\t\t\t\t\t\t<a href=\"\/en\/ferienwohnung-naumburg\/\">\n\t\t\t\t\t\t\t<img decoding=\"async\" width=\"501\" height=\"335\" src=\"https:\/\/hotelrittergut.de\/wp-content\/uploads\/2021\/10\/Ferienwohnung-2-Naumburg.jpg\" class=\"attachment-large size-large wp-image-11018\" alt=\"\" srcset=\"https:\/\/hotelrittergut.de\/wp-content\/uploads\/2021\/10\/Ferienwohnung-2-Naumburg.jpg 501w, https:\/\/hotelrittergut.de\/wp-content\/uploads\/2021\/10\/Ferienwohnung-2-Naumburg-300x201.jpg 300w\" sizes=\"(max-width: 501px) 100vw, 501px\" \/>\t\t\t\t\t\t\t\t<\/a>\n\t\t\t\t\t\t\t\t\t\t\t\t\t\t\t<\/div>\n\t\t\t\t<\/div>\n\t\t\t\t<div class=\"elementor-element elementor-element-fc91307 elementor-widget elementor-widget-heading\" data-id=\"fc91307\" data-element_type=\"widget\" data-widget_type=\"heading.default\">\n\t\t\t\t<div class=\"elementor-widget-container\">\n\t\t\t\t\t<h2 class=\"elementor-heading-title elementor-size-default\">holiday apartment<\/h2>\t\t\t\t<\/div>\n\t\t\t\t<\/div>\n\t\t\t\t<div class=\"elementor-element elementor-element-6ade9e1 elementor-widget elementor-widget-text-editor\" data-id=\"6ade9e1\" data-element_type=\"widget\" data-widget_type=\"text-editor.default\">\n\t\t\t\t<div class=\"elementor-widget-container\">\n\t\t\t\t\t\t\t\t\t<p>Would you prefer to spend the night privately and therefore prefer a holiday apartment? With us you have the choice of 2 holiday apartments (55sqm) and a romantic garden house (35sqm).<\/p>\t\t\t\t\t\t\t\t<\/div>\n\t\t\t\t<\/div>\n\t\t\t\t<div class=\"elementor-element elementor-element-294cdaf elementor-align-justify elementor-widget elementor-widget-button\" data-id=\"294cdaf\" data-element_type=\"widget\" data-widget_type=\"button.default\">\n\t\t\t\t<div class=\"elementor-widget-container\">\n\t\t\t\t\t\t\t\t\t<div class=\"elementor-button-wrapper\">\n\t\t\t\t\t<a class=\"elementor-button elementor-button-link elementor-size-sm elementor-animation-wobble-vertical\" href=\"\/en\/ferienwohnung-naumburg\/\">\n\t\t\t\t\t\t<span class=\"elementor-button-content-wrapper\">\n\t\t\t\t\t\t\t\t\t<span class=\"elementor-button-text\">\u00bb Learn more<\/span>\n\t\t\t\t\t<\/span>\n\t\t\t\t\t<\/a>\n\t\t\t\t<\/div>\n\t\t\t\t\t\t\t\t<\/div>\n\t\t\t\t<\/div>\n\t\t\t\t\t<\/div>\n\t\t<\/div>\n\t\t\t\t<div class=\"elementor-column elementor-col-33 elementor-inner-column elementor-element elementor-element-cfa2838\" data-id=\"cfa2838\" data-element_type=\"column\">\n\t\t\t<div class=\"elementor-widget-wrap elementor-element-populated\">\n\t\t\t\t\t\t<div class=\"elementor-element elementor-element-3538de3 elementor-widget elementor-widget-image\" data-id=\"3538de3\" data-element_type=\"widget\" data-widget_type=\"image.default\">\n\t\t\t\t<div class=\"elementor-widget-container\">\n\t\t\t\t\t\t\t\t\t\t\t\t\t\t\t\t<a href=\"\/en\/arrangement\/\">\n\t\t\t\t\t\t\t<img decoding=\"async\" width=\"900\" height=\"600\" src=\"https:\/\/hotelrittergut.de\/wp-content\/uploads\/2021\/08\/Terrasse2.jpeg\" class=\"attachment-large size-large wp-image-10079\" alt=\"\" srcset=\"https:\/\/hotelrittergut.de\/wp-content\/uploads\/2021\/08\/Terrasse2.jpeg 900w, https:\/\/hotelrittergut.de\/wp-content\/uploads\/2021\/08\/Terrasse2-300x200.jpeg 300w, https:\/\/hotelrittergut.de\/wp-content\/uploads\/2021\/08\/Terrasse2-768x512.jpeg 768w\" sizes=\"(max-width: 900px) 100vw, 900px\" \/>\t\t\t\t\t\t\t\t<\/a>\n\t\t\t\t\t\t\t\t\t\t\t\t\t\t\t<\/div>\n\t\t\t\t<\/div>\n\t\t\t\t<div class=\"elementor-element elementor-element-80fb83d elementor-widget elementor-widget-heading\" data-id=\"80fb83d\" data-element_type=\"widget\" data-widget_type=\"heading.default\">\n\t\t\t\t<div class=\"elementor-widget-container\">\n\t\t\t\t\t<h2 class=\"elementor-heading-title elementor-size-default\">Arrangement<\/h2>\t\t\t\t<\/div>\n\t\t\t\t<\/div>\n\t\t\t\t<div class=\"elementor-element elementor-element-7151563 elementor-widget elementor-widget-text-editor\" data-id=\"7151563\" data-element_type=\"widget\" data-widget_type=\"text-editor.default\">\n\t\t\t\t<div class=\"elementor-widget-container\">\n\t\t\t\t\t\t\t\t\t<p>You don't just want to spend the night, but also want to experience something? Then our combination offers are just right for you! Make your stay something very special!<\/p>\t\t\t\t\t\t\t\t<\/div>\n\t\t\t\t<\/div>\n\t\t\t\t<div class=\"elementor-element elementor-element-3f11e47 elementor-align-justify elementor-widget elementor-widget-button\" data-id=\"3f11e47\" data-element_type=\"widget\" data-widget_type=\"button.default\">\n\t\t\t\t<div class=\"elementor-widget-container\">\n\t\t\t\t\t\t\t\t\t<div class=\"elementor-button-wrapper\">\n\t\t\t\t\t<a class=\"elementor-button elementor-button-link elementor-size-sm elementor-animation-wobble-vertical\" href=\"\/en\/arrangement\/\">\n\t\t\t\t\t\t<span class=\"elementor-button-content-wrapper\">\n\t\t\t\t\t\t\t\t\t<span class=\"elementor-button-text\">\u00bb Learn more<\/span>\n\t\t\t\t\t<\/span>\n\t\t\t\t\t<\/a>\n\t\t\t\t<\/div>\n\t\t\t\t\t\t\t\t<\/div>\n\t\t\t\t<\/div>\n\t\t\t\t\t<\/div>\n\t\t<\/div>\n\t\t\t\t\t<\/div>\n\t\t<\/section>\n\t\t\t\t\t<\/div>\n\t\t<\/div>\n\t\t\t\t\t<\/div>\n\t\t<\/section>\n\t\t\t\t<\/div>","protected":false},"excerpt":{"rendered":"<p>\u00dcbernachten und Wohlf\u00fchlen im Rittergut Kreipitzsch- nahe Naumburg\/ Saale Welche \u00dcbernachtungsm\u00f6glichkeit bevorzugen Sie? Bei uns haben Sie die Wahl: Bevorzugen Sie es, in einem Hotelzimmer zu \u00fcbernachten oder doch lieber in einer separaten Ferienwohnung?\u00a0Gen\u00fcgt Ihnen eine einfache \u00dcbernachtung oder wollen Sie auch gleich noch etwas erleben wie z.B. einen Besuch der Toskana Therme Bad Sulza [&hellip;]<\/p>","protected":false},"author":1,"featured_media":0,"parent":0,"menu_order":0,"comment_status":"closed","ping_status":"closed","template":"elementor_header_footer","meta":{"site-sidebar-layout":"no-sidebar","site-content-layout":"page-builder","ast-site-content-layout":"default","site-content-style":"default","site-sidebar-style":"default","ast-global-header-display":"","ast-banner-title-visibility":"","ast-main-header-display":"","ast-hfb-above-header-display":"","ast-hfb-below-header-display":"","ast-hfb-mobile-header-display":"","site-post-title":"disabled","ast-breadcrumbs-content":"","ast-featured-img":"disabled","footer-sml-layout":"","theme-transparent-header-meta":"default","adv-header-id-meta":"","stick-header-meta":"","header-above-stick-meta":"","header-main-stick-meta":"","header-below-stick-meta":"","astra-migrate-meta-layouts":"default","ast-page-background-enabled":"default","ast-page-background-meta":{"desktop":{"background-color":"","background-image":"","background-repeat":"repeat","background-position":"center center","background-size":"auto","background-attachment":"scroll","background-type":"","background-media":"","overlay-type":"","overlay-color":"","overlay-opacity":"","overlay-gradient":""},"tablet":{"background-color":"","background-image":"","background-repeat":"repeat","background-position":"center center","background-size":"auto","background-attachment":"scroll","background-type":"","background-media":"","overlay-type":"","overlay-color":"","overlay-opacity":"","overlay-gradient":""},"mobile":{"background-color":"","background-image":"","background-repeat":"repeat","background-position":"center center","background-size":"auto","background-attachment":"scroll","background-type":"","background-media":"","overlay-type":"","overlay-color":"","overlay-opacity":"","overlay-gradient":""}},"ast-content-background-meta":{"desktop":{"background-color":"var(--ast-global-color-5)","background-image":"","background-repeat":"repeat","background-position":"center center","background-size":"auto","background-attachment":"scroll","background-type":"","background-media":"","overlay-type":"","overlay-color":"","overlay-opacity":"","overlay-gradient":""},"tablet":{"background-color":"var(--ast-global-color-5)","background-image":"","background-repeat":"repeat","background-position":"center center","background-size":"auto","background-attachment":"scroll","background-type":"","background-media":"","overlay-type":"","overlay-color":"","overlay-opacity":"","overlay-gradient":""},"mobile":{"background-color":"var(--ast-global-color-5)","background-image":"","background-repeat":"repeat","background-position":"center center","background-size":"auto","background-attachment":"scroll","background-type":"","background-media":"","overlay-type":"","overlay-color":"","overlay-opacity":"","overlay-gradient":""}},"footnotes":""},"class_list":["post-9411","page","type-page","status-publish","hentry"],"yoast_head":"<!-- This site is optimized with the Yoast SEO plugin v26.5 - https:\/\/yoast.com\/wordpress\/plugins\/seo\/ -->\n<title>\u1405 Hotel &amp; Restaurant Rittergut in Naumburg OT Kreipitzsch - \u00dcbernachtungen<\/title>\n<meta name=\"description\" content=\"++ Sie suchen nach einer tollen \u00dcbernachtsm\u00f6glichkeit in Naumburg? Unser Hotel Rittergut im OT Kreipitzsch bietet tolle M\u00f6glichkeiten. ++\" \/>\n<meta name=\"robots\" content=\"index, follow, max-snippet:-1, max-image-preview:large, max-video-preview:-1\" \/>\n<link rel=\"canonical\" href=\"https:\/\/hotelrittergut.de\/en\/uebernachtung-naumburg-im-hotel-rittergut\/\" \/>\n<meta property=\"og:locale\" content=\"en_GB\" \/>\n<meta property=\"og:type\" content=\"article\" \/>\n<meta property=\"og:title\" content=\"\u1405 Hotel &amp; Restaurant Rittergut in Naumburg OT Kreipitzsch - \u00dcbernachtungen\" \/>\n<meta property=\"og:description\" content=\"++ Sie suchen nach einer tollen \u00dcbernachtsm\u00f6glichkeit in Naumburg? Unser Hotel Rittergut im OT Kreipitzsch bietet tolle M\u00f6glichkeiten. ++\" \/>\n<meta property=\"og:url\" content=\"https:\/\/hotelrittergut.de\/en\/uebernachtung-naumburg-im-hotel-rittergut\/\" \/>\n<meta property=\"og:site_name\" content=\"Hotel &amp; Restaurant - Rittergut\" \/>\n<meta property=\"article:publisher\" content=\"https:\/\/www.facebook.com\/HotelRittergut\" \/>\n<meta property=\"article:modified_time\" content=\"2022-06-13T18:21:56+00:00\" \/>\n<meta property=\"og:image\" content=\"https:\/\/hotelrittergut.de\/wp-content\/uploads\/2021\/08\/Hochzeitszimmer.jpeg\" \/>\n<meta name=\"twitter:card\" content=\"summary_large_image\" \/>\n<meta name=\"twitter:label1\" content=\"Estimated reading time\" \/>\n\t<meta name=\"twitter:data1\" content=\"2 minutes\" \/>\n<script type=\"application\/ld+json\" class=\"yoast-schema-graph\">{\"@context\":\"https:\/\/schema.org\",\"@graph\":[{\"@type\":\"WebPage\",\"@id\":\"https:\/\/hotelrittergut.de\/uebernachtung-naumburg-im-hotel-rittergut\/\",\"url\":\"https:\/\/hotelrittergut.de\/uebernachtung-naumburg-im-hotel-rittergut\/\",\"name\":\"\u1405 Hotel & Restaurant Rittergut in Naumburg OT Kreipitzsch - \u00dcbernachtungen\",\"isPartOf\":{\"@id\":\"https:\/\/hotelrittergut.de\/#website\"},\"primaryImageOfPage\":{\"@id\":\"https:\/\/hotelrittergut.de\/uebernachtung-naumburg-im-hotel-rittergut\/#primaryimage\"},\"image\":{\"@id\":\"https:\/\/hotelrittergut.de\/uebernachtung-naumburg-im-hotel-rittergut\/#primaryimage\"},\"thumbnailUrl\":\"https:\/\/hotelrittergut.de\/wp-content\/uploads\/2021\/08\/Hochzeitszimmer.jpeg\",\"datePublished\":\"2021-07-20T13:29:17+00:00\",\"dateModified\":\"2022-06-13T18:21:56+00:00\",\"description\":\"++ Sie suchen nach einer tollen \u00dcbernachtsm\u00f6glichkeit in Naumburg? Unser Hotel Rittergut im OT Kreipitzsch bietet tolle M\u00f6glichkeiten. ++\",\"breadcrumb\":{\"@id\":\"https:\/\/hotelrittergut.de\/uebernachtung-naumburg-im-hotel-rittergut\/#breadcrumb\"},\"inLanguage\":\"en-GB\",\"potentialAction\":[{\"@type\":\"ReadAction\",\"target\":[\"https:\/\/hotelrittergut.de\/uebernachtung-naumburg-im-hotel-rittergut\/\"]}]},{\"@type\":\"ImageObject\",\"inLanguage\":\"en-GB\",\"@id\":\"https:\/\/hotelrittergut.de\/uebernachtung-naumburg-im-hotel-rittergut\/#primaryimage\",\"url\":\"https:\/\/hotelrittergut.de\/wp-content\/uploads\/2021\/08\/Hochzeitszimmer.jpeg\",\"contentUrl\":\"https:\/\/hotelrittergut.de\/wp-content\/uploads\/2021\/08\/Hochzeitszimmer.jpeg\"},{\"@type\":\"BreadcrumbList\",\"@id\":\"https:\/\/hotelrittergut.de\/uebernachtung-naumburg-im-hotel-rittergut\/#breadcrumb\",\"itemListElement\":[{\"@type\":\"ListItem\",\"position\":1,\"name\":\"Startseite\",\"item\":\"https:\/\/hotelrittergut.de\/\"},{\"@type\":\"ListItem\",\"position\":2,\"name\":\"\u00dcbernachtung Naumburg im Hotel Rittergut\"}]},{\"@type\":\"WebSite\",\"@id\":\"https:\/\/hotelrittergut.de\/#website\",\"url\":\"https:\/\/hotelrittergut.de\/\",\"name\":\"Hotel &amp; Restaurant - Rittergut\",\"description\":\"\",\"publisher\":{\"@id\":\"https:\/\/hotelrittergut.de\/#organization\"},\"potentialAction\":[{\"@type\":\"SearchAction\",\"target\":{\"@type\":\"EntryPoint\",\"urlTemplate\":\"https:\/\/hotelrittergut.de\/?s={search_term_string}\"},\"query-input\":{\"@type\":\"PropertyValueSpecification\",\"valueRequired\":true,\"valueName\":\"search_term_string\"}}],\"inLanguage\":\"en-GB\"},{\"@type\":\"Organization\",\"@id\":\"https:\/\/hotelrittergut.de\/#organization\",\"name\":\"Hotel &amp; Restaurant - Rittergut\",\"url\":\"https:\/\/hotelrittergut.de\/\",\"logo\":{\"@type\":\"ImageObject\",\"inLanguage\":\"en-GB\",\"@id\":\"https:\/\/hotelrittergut.de\/#\/schema\/logo\/image\/\",\"url\":\"https:\/\/hotelrittergut.de\/wp-content\/uploads\/2020\/10\/logo.png\",\"contentUrl\":\"https:\/\/hotelrittergut.de\/wp-content\/uploads\/2020\/10\/logo.png\",\"width\":264,\"height\":332,\"caption\":\"Hotel &amp; Restaurant - Rittergut\"},\"image\":{\"@id\":\"https:\/\/hotelrittergut.de\/#\/schema\/logo\/image\/\"},\"sameAs\":[\"https:\/\/www.facebook.com\/HotelRittergut\",\"https:\/\/www.instagram.com\/hotelrittergut\/\"]}]}<\/script>\n<!-- \/ Yoast SEO plugin. -->","yoast_head_json":{"title":"\u1405 Hotel & Restaurant Rittergut in Naumburg OT Kreipitzsch - \u00dcbernachtungen","description":"++ Sie suchen nach einer tollen \u00dcbernachtsm\u00f6glichkeit in Naumburg? Unser Hotel Rittergut im OT Kreipitzsch bietet tolle M\u00f6glichkeiten. ++","robots":{"index":"index","follow":"follow","max-snippet":"max-snippet:-1","max-image-preview":"max-image-preview:large","max-video-preview":"max-video-preview:-1"},"canonical":"https:\/\/hotelrittergut.de\/en\/uebernachtung-naumburg-im-hotel-rittergut\/","og_locale":"en_GB","og_type":"article","og_title":"\u1405 Hotel & Restaurant Rittergut in Naumburg OT Kreipitzsch - \u00dcbernachtungen","og_description":"++ Sie suchen nach einer tollen \u00dcbernachtsm\u00f6glichkeit in Naumburg? Unser Hotel Rittergut im OT Kreipitzsch bietet tolle M\u00f6glichkeiten. ++","og_url":"https:\/\/hotelrittergut.de\/en\/uebernachtung-naumburg-im-hotel-rittergut\/","og_site_name":"Hotel &amp; Restaurant - Rittergut","article_publisher":"https:\/\/www.facebook.com\/HotelRittergut","article_modified_time":"2022-06-13T18:21:56+00:00","og_image":[{"url":"https:\/\/hotelrittergut.de\/wp-content\/uploads\/2021\/08\/Hochzeitszimmer.jpeg","type":"","width":"","height":""}],"twitter_card":"summary_large_image","twitter_misc":{"Estimated reading time":"2 minutes"},"schema":{"@context":"https:\/\/schema.org","@graph":[{"@type":"WebPage","@id":"https:\/\/hotelrittergut.de\/uebernachtung-naumburg-im-hotel-rittergut\/","url":"https:\/\/hotelrittergut.de\/uebernachtung-naumburg-im-hotel-rittergut\/","name":"\u1405 Hotel & Restaurant Rittergut in Naumburg OT Kreipitzsch - \u00dcbernachtungen","isPartOf":{"@id":"https:\/\/hotelrittergut.de\/#website"},"primaryImageOfPage":{"@id":"https:\/\/hotelrittergut.de\/uebernachtung-naumburg-im-hotel-rittergut\/#primaryimage"},"image":{"@id":"https:\/\/hotelrittergut.de\/uebernachtung-naumburg-im-hotel-rittergut\/#primaryimage"},"thumbnailUrl":"https:\/\/hotelrittergut.de\/wp-content\/uploads\/2021\/08\/Hochzeitszimmer.jpeg","datePublished":"2021-07-20T13:29:17+00:00","dateModified":"2022-06-13T18:21:56+00:00","description":"++ Sie suchen nach einer tollen \u00dcbernachtsm\u00f6glichkeit in Naumburg? Unser Hotel Rittergut im OT Kreipitzsch bietet tolle M\u00f6glichkeiten. ++","breadcrumb":{"@id":"https:\/\/hotelrittergut.de\/uebernachtung-naumburg-im-hotel-rittergut\/#breadcrumb"},"inLanguage":"en-GB","potentialAction":[{"@type":"ReadAction","target":["https:\/\/hotelrittergut.de\/uebernachtung-naumburg-im-hotel-rittergut\/"]}]},{"@type":"ImageObject","inLanguage":"en-GB","@id":"https:\/\/hotelrittergut.de\/uebernachtung-naumburg-im-hotel-rittergut\/#primaryimage","url":"https:\/\/hotelrittergut.de\/wp-content\/uploads\/2021\/08\/Hochzeitszimmer.jpeg","contentUrl":"https:\/\/hotelrittergut.de\/wp-content\/uploads\/2021\/08\/Hochzeitszimmer.jpeg"},{"@type":"BreadcrumbList","@id":"https:\/\/hotelrittergut.de\/uebernachtung-naumburg-im-hotel-rittergut\/#breadcrumb","itemListElement":[{"@type":"ListItem","position":1,"name":"Startseite","item":"https:\/\/hotelrittergut.de\/"},{"@type":"ListItem","position":2,"name":"\u00dcbernachtung Naumburg im Hotel Rittergut"}]},{"@type":"WebSite","@id":"https:\/\/hotelrittergut.de\/#website","url":"https:\/\/hotelrittergut.de\/","name":"Hotel &amp; Restaurant - Rittergut","description":"","publisher":{"@id":"https:\/\/hotelrittergut.de\/#organization"},"potentialAction":[{"@type":"SearchAction","target":{"@type":"EntryPoint","urlTemplate":"https:\/\/hotelrittergut.de\/?s={search_term_string}"},"query-input":{"@type":"PropertyValueSpecification","valueRequired":true,"valueName":"search_term_string"}}],"inLanguage":"en-GB"},{"@type":"Organization","@id":"https:\/\/hotelrittergut.de\/#organization","name":"Hotel &amp; Restaurant - Rittergut","url":"https:\/\/hotelrittergut.de\/","logo":{"@type":"ImageObject","inLanguage":"en-GB","@id":"https:\/\/hotelrittergut.de\/#\/schema\/logo\/image\/","url":"https:\/\/hotelrittergut.de\/wp-content\/uploads\/2020\/10\/logo.png","contentUrl":"https:\/\/hotelrittergut.de\/wp-content\/uploads\/2020\/10\/logo.png","width":264,"height":332,"caption":"Hotel &amp; Restaurant - Rittergut"},"image":{"@id":"https:\/\/hotelrittergut.de\/#\/schema\/logo\/image\/"},"sameAs":["https:\/\/www.facebook.com\/HotelRittergut","https:\/\/www.instagram.com\/hotelrittergut\/"]}]}},"_links":{"self":[{"href":"https:\/\/hotelrittergut.de\/en\/wp-json\/wp\/v2\/pages\/9411","targetHints":{"allow":["GET"]}}],"collection":[{"href":"https:\/\/hotelrittergut.de\/en\/wp-json\/wp\/v2\/pages"}],"about":[{"href":"https:\/\/hotelrittergut.de\/en\/wp-json\/wp\/v2\/types\/page"}],"author":[{"embeddable":true,"href":"https:\/\/hotelrittergut.de\/en\/wp-json\/wp\/v2\/users\/1"}],"replies":[{"embeddable":true,"href":"https:\/\/hotelrittergut.de\/en\/wp-json\/wp\/v2\/comments?post=9411"}],"version-history":[{"count":20,"href":"https:\/\/hotelrittergut.de\/en\/wp-json\/wp\/v2\/pages\/9411\/revisions"}],"predecessor-version":[{"id":13174,"href":"https:\/\/hotelrittergut.de\/en\/wp-json\/wp\/v2\/pages\/9411\/revisions\/13174"}],"wp:attachment":[{"href":"https:\/\/hotelrittergut.de\/en\/wp-json\/wp\/v2\/media?parent=9411"}],"curies":[{"name":"wp","href":"https:\/\/api.w.org\/{rel}","templated":true}]}}