{"id":9489,"date":"2021-07-20T15:56:36","date_gmt":"2021-07-20T13:56:36","guid":{"rendered":"https:\/\/hotelrittergut.de\/?page_id=9489"},"modified":"2022-06-13T20:26:37","modified_gmt":"2022-06-13T18:26:37","slug":"tipps-zu-ausfluegen-wanderungen","status":"publish","type":"page","link":"https:\/\/hotelrittergut.de\/en\/tipps-zu-ausfluegen-wanderungen\/","title":{"rendered":"Tipps zu Ausfl\u00fcgen &#038; Wanderungen"},"content":{"rendered":"<div data-elementor-type=\"wp-page\" data-elementor-id=\"9489\" class=\"elementor elementor-9489\" data-elementor-post-type=\"page\">\n\t\t\t\t\t\t<section class=\"elementor-section elementor-top-section elementor-element elementor-element-3fb1bc6 elementor-section-full_width elementor-section-height-default elementor-section-height-default\" data-id=\"3fb1bc6\" data-element_type=\"section\">\n\t\t\t\t\t\t\t<div class=\"elementor-background-overlay\"><\/div>\n\t\t\t\t\t\t\t<div class=\"elementor-container elementor-column-gap-default\">\n\t\t\t\t\t<div class=\"elementor-column elementor-col-100 elementor-top-column elementor-element elementor-element-84c7764\" data-id=\"84c7764\" data-element_type=\"column\" data-settings=\"{&quot;background_background&quot;:&quot;classic&quot;}\">\n\t\t\t<div class=\"elementor-widget-wrap elementor-element-populated\">\n\t\t\t\t\t\t<div class=\"elementor-element elementor-element-9614305 elementor-widget elementor-widget-spacer\" data-id=\"9614305\" data-element_type=\"widget\" data-widget_type=\"spacer.default\">\n\t\t\t\t<div class=\"elementor-widget-container\">\n\t\t\t\t\t\t\t<div class=\"elementor-spacer\">\n\t\t\t<div class=\"elementor-spacer-inner\"><\/div>\n\t\t<\/div>\n\t\t\t\t\t\t<\/div>\n\t\t\t\t<\/div>\n\t\t\t\t\t<\/div>\n\t\t<\/div>\n\t\t\t\t\t<\/div>\n\t\t<\/section>\n\t\t\t\t<section class=\"elementor-section elementor-top-section elementor-element elementor-element-fcb710d elementor-section-boxed elementor-section-height-default elementor-section-height-default\" data-id=\"fcb710d\" data-element_type=\"section\" data-settings=\"{&quot;background_background&quot;:&quot;classic&quot;}\">\n\t\t\t\t\t\t\t<div class=\"elementor-background-overlay\"><\/div>\n\t\t\t\t\t\t\t<div class=\"elementor-container elementor-column-gap-default\">\n\t\t\t\t\t<div class=\"elementor-column elementor-col-100 elementor-top-column elementor-element elementor-element-22e35ea\" data-id=\"22e35ea\" data-element_type=\"column\">\n\t\t\t<div class=\"elementor-widget-wrap elementor-element-populated\">\n\t\t\t\t\t\t<section class=\"elementor-section elementor-inner-section elementor-element elementor-element-d40dd41 elementor-section-boxed elementor-section-height-default elementor-section-height-default\" data-id=\"d40dd41\" data-element_type=\"section\" data-settings=\"{&quot;background_background&quot;:&quot;classic&quot;}\">\n\t\t\t\t\t\t<div class=\"elementor-container elementor-column-gap-no\">\n\t\t\t\t\t<div class=\"elementor-column elementor-col-100 elementor-inner-column elementor-element elementor-element-220ebfa\" data-id=\"220ebfa\" data-element_type=\"column\">\n\t\t\t<div class=\"elementor-widget-wrap elementor-element-populated\">\n\t\t\t\t\t\t<div class=\"elementor-element elementor-element-51a9514 elementor-widget elementor-widget-heading\" data-id=\"51a9514\" data-element_type=\"widget\" data-widget_type=\"heading.default\">\n\t\t\t\t<div class=\"elementor-widget-container\">\n\t\t\t\t\t<h1 class=\"elementor-heading-title elementor-size-default\">Wander- &amp; Ausflugtipps<\/h1>\t\t\t\t<\/div>\n\t\t\t\t<\/div>\n\t\t\t\t<div class=\"elementor-element elementor-element-03697ae elementor-widget elementor-widget-text-editor\" data-id=\"03697ae\" data-element_type=\"widget\" data-widget_type=\"text-editor.default\">\n\t\t\t\t<div class=\"elementor-widget-container\">\n\t\t\t\t\t\t\t\t\t<p>Dear guests,<\/p><p>Here you will find a brief overview of excursion tips for the region around our manor.<\/p><p>You can obtain detailed information material, hiking maps or information on the individual tourist providers in the region from the various tourist offices in the neighboring cities of Naumburg, Bad K\u00f6sen or Freyburg.<\/p><p>Depending on how long you stay with us, day trips to Weimar, Erfurt, Jena, Leipzig or Halle are also worthwhile.<\/p>\t\t\t\t\t\t\t\t<\/div>\n\t\t\t\t<\/div>\n\t\t\t\t<div class=\"elementor-element elementor-element-8d2d9a5 elementor-widget elementor-widget-toggle\" data-id=\"8d2d9a5\" data-element_type=\"widget\" data-widget_type=\"toggle.default\">\n\t\t\t\t<div class=\"elementor-widget-container\">\n\t\t\t\t\t\t\t<div class=\"elementor-toggle\">\n\t\t\t\t\t\t\t<div class=\"elementor-toggle-item\">\n\t\t\t\t\t<div id=\"elementor-tab-title-1481\" class=\"elementor-tab-title\" data-tab=\"1\" role=\"button\" aria-controls=\"elementor-tab-content-1481\" aria-expanded=\"false\">\n\t\t\t\t\t\t\t\t\t\t\t\t<span class=\"elementor-toggle-icon elementor-toggle-icon-left\" aria-hidden=\"true\">\n\t\t\t\t\t\t\t\t\t\t\t\t\t\t\t<span class=\"elementor-toggle-icon-closed\"><i class=\"fas fa-caret-right\"><\/i><\/span>\n\t\t\t\t\t\t\t\t<span class=\"elementor-toggle-icon-opened\"><i class=\"elementor-toggle-icon-opened fas fa-caret-up\"><\/i><\/span>\n\t\t\t\t\t\t\t\t\t\t\t\t\t<\/span>\n\t\t\t\t\t\t\t\t\t\t\t\t<a class=\"elementor-toggle-title\" tabindex=\"0\">Short walks<\/a>\n\t\t\t\t\t<\/div>\n\n\t\t\t\t\t<div id=\"elementor-tab-content-1481\" class=\"elementor-tab-content elementor-clearfix\" data-tab=\"1\" role=\"region\" aria-labelledby=\"elementor-tab-title-1481\"><ul><li>Rudelsburg and monuments + Saaleck Castle (one way approx. 30 to 40 minutes)<\/li><li>Weingut Zahn in Kaatschen via Tultewitz and vineyards (one way approx. 30 minutes)<\/li><\/ul><\/div>\n\t\t\t\t<\/div>\n\t\t\t\t\t\t\t<div class=\"elementor-toggle-item\">\n\t\t\t\t\t<div id=\"elementor-tab-title-1482\" class=\"elementor-tab-title\" data-tab=\"2\" role=\"button\" aria-controls=\"elementor-tab-content-1482\" aria-expanded=\"false\">\n\t\t\t\t\t\t\t\t\t\t\t\t<span class=\"elementor-toggle-icon elementor-toggle-icon-left\" aria-hidden=\"true\">\n\t\t\t\t\t\t\t\t\t\t\t\t\t\t\t<span class=\"elementor-toggle-icon-closed\"><i class=\"fas fa-caret-right\"><\/i><\/span>\n\t\t\t\t\t\t\t\t<span class=\"elementor-toggle-icon-opened\"><i class=\"elementor-toggle-icon-opened fas fa-caret-up\"><\/i><\/span>\n\t\t\t\t\t\t\t\t\t\t\t\t\t<\/span>\n\t\t\t\t\t\t\t\t\t\t\t\t<a class=\"elementor-toggle-title\" tabindex=\"0\">Longer hikes<\/a>\n\t\t\t\t\t<\/div>\n\n\t\t\t\t\t<div id=\"elementor-tab-content-1482\" class=\"elementor-tab-content elementor-clearfix\" data-tab=\"2\" role=\"region\" aria-labelledby=\"elementor-tab-title-1482\"><ul><li>Via the \"Lion Monument\" near the Rudelsburg through the forest to Bad K\u00f6sen, boat trip back: hike uphill over the Rudelsburg<\/li><li>from Bad K\u00f6sen along the Saale to Freyburg via the Saale bike path<\/li><\/ul><\/div>\n\t\t\t\t<\/div>\n\t\t\t\t\t\t\t<div class=\"elementor-toggle-item\">\n\t\t\t\t\t<div id=\"elementor-tab-title-1483\" class=\"elementor-tab-title\" data-tab=\"3\" role=\"button\" aria-controls=\"elementor-tab-content-1483\" aria-expanded=\"false\">\n\t\t\t\t\t\t\t\t\t\t\t\t<span class=\"elementor-toggle-icon elementor-toggle-icon-left\" aria-hidden=\"true\">\n\t\t\t\t\t\t\t\t\t\t\t\t\t\t\t<span class=\"elementor-toggle-icon-closed\"><i class=\"fas fa-caret-right\"><\/i><\/span>\n\t\t\t\t\t\t\t\t<span class=\"elementor-toggle-icon-opened\"><i class=\"elementor-toggle-icon-opened fas fa-caret-up\"><\/i><\/span>\n\t\t\t\t\t\t\t\t\t\t\t\t\t<\/span>\n\t\t\t\t\t\t\t\t\t\t\t\t<a class=\"elementor-toggle-title\" tabindex=\"0\">Sights in Bad K\u00f6sen (distance approx. 7 km by car)<\/a>\n\t\t\t\t\t<\/div>\n\n\t\t\t\t\t<div id=\"elementor-tab-content-1483\" class=\"elementor-tab-content elementor-clearfix\" data-tab=\"3\" role=\"region\" aria-labelledby=\"elementor-tab-title-1483\"><ul><li>City tour<\/li><li>K\u00e4the-Kruse-Museum + Romanisches House<\/li><li>K\u00f6sener toy manufacturer<\/li><li>Graduation tower and brine technical systems<\/li><li>Zoo<\/li><li>Ferry \/ motorboat (Kurpark Bad K\u00f6sen - Rudelsburg)<\/li><\/ul><\/div>\n\t\t\t\t<\/div>\n\t\t\t\t\t\t\t<div class=\"elementor-toggle-item\">\n\t\t\t\t\t<div id=\"elementor-tab-title-1484\" class=\"elementor-tab-title\" data-tab=\"4\" role=\"button\" aria-controls=\"elementor-tab-content-1484\" aria-expanded=\"false\">\n\t\t\t\t\t\t\t\t\t\t\t\t<span class=\"elementor-toggle-icon elementor-toggle-icon-left\" aria-hidden=\"true\">\n\t\t\t\t\t\t\t\t\t\t\t\t\t\t\t<span class=\"elementor-toggle-icon-closed\"><i class=\"fas fa-caret-right\"><\/i><\/span>\n\t\t\t\t\t\t\t\t<span class=\"elementor-toggle-icon-opened\"><i class=\"elementor-toggle-icon-opened fas fa-caret-up\"><\/i><\/span>\n\t\t\t\t\t\t\t\t\t\t\t\t\t<\/span>\n\t\t\t\t\t\t\t\t\t\t\t\t<a class=\"elementor-toggle-title\" tabindex=\"0\">Sights in Naumburg (distance approx. 12 km by car)<\/a>\n\t\t\t\t\t<\/div>\n\n\t\t\t\t\t<div id=\"elementor-tab-content-1484\" class=\"elementor-tab-content elementor-clearfix\" data-tab=\"4\" role=\"region\" aria-labelledby=\"elementor-tab-title-1484\"><ul><li>city tours<\/li><li>Market square and downtown with shops and restaurants<\/li><li>Cathedral with famous donor figures Uta and Ekkehard<\/li><li>Wenceslas Church \/ organ concerts<\/li><li>Events \/ performances in the theater or turbine house<\/li><li>BuLaBaNa \u201cLeisure pool with sauna facilities in the theater or turbine house<\/li><\/ul><\/div>\n\t\t\t\t<\/div>\n\t\t\t\t\t\t\t<div class=\"elementor-toggle-item\">\n\t\t\t\t\t<div id=\"elementor-tab-title-1485\" class=\"elementor-tab-title\" data-tab=\"5\" role=\"button\" aria-controls=\"elementor-tab-content-1485\" aria-expanded=\"false\">\n\t\t\t\t\t\t\t\t\t\t\t\t<span class=\"elementor-toggle-icon elementor-toggle-icon-left\" aria-hidden=\"true\">\n\t\t\t\t\t\t\t\t\t\t\t\t\t\t\t<span class=\"elementor-toggle-icon-closed\"><i class=\"fas fa-caret-right\"><\/i><\/span>\n\t\t\t\t\t\t\t\t<span class=\"elementor-toggle-icon-opened\"><i class=\"elementor-toggle-icon-opened fas fa-caret-up\"><\/i><\/span>\n\t\t\t\t\t\t\t\t\t\t\t\t\t<\/span>\n\t\t\t\t\t\t\t\t\t\t\t\t<a class=\"elementor-toggle-title\" tabindex=\"0\">Sights in Freyburg \/ Unstrut (distance approx. 19 km by car)<\/a>\n\t\t\t\t\t<\/div>\n\n\t\t\t\t\t<div id=\"elementor-tab-content-1485\" class=\"elementor-tab-content elementor-clearfix\" data-tab=\"5\" role=\"region\" aria-labelledby=\"elementor-tab-title-1485\"><ul><li>historical castle complex Neuch\u00e2tel + Dicker Wilhelm<\/li><li>Guided tour of the Rotk\u00e4ppchen-Mumm sparkling wine cellar<\/li><\/ul><\/div>\n\t\t\t\t<\/div>\n\t\t\t\t\t\t\t<div class=\"elementor-toggle-item\">\n\t\t\t\t\t<div id=\"elementor-tab-title-1486\" class=\"elementor-tab-title\" data-tab=\"6\" role=\"button\" aria-controls=\"elementor-tab-content-1486\" aria-expanded=\"false\">\n\t\t\t\t\t\t\t\t\t\t\t\t<span class=\"elementor-toggle-icon elementor-toggle-icon-left\" aria-hidden=\"true\">\n\t\t\t\t\t\t\t\t\t\t\t\t\t\t\t<span class=\"elementor-toggle-icon-closed\"><i class=\"fas fa-caret-right\"><\/i><\/span>\n\t\t\t\t\t\t\t\t<span class=\"elementor-toggle-icon-opened\"><i class=\"elementor-toggle-icon-opened fas fa-caret-up\"><\/i><\/span>\n\t\t\t\t\t\t\t\t\t\t\t\t\t<\/span>\n\t\t\t\t\t\t\t\t\t\t\t\t<a class=\"elementor-toggle-title\" tabindex=\"0\">Festivals in the region<\/a>\n\t\t\t\t\t<\/div>\n\n\t\t\t\t\t<div id=\"elementor-tab-content-1486\" class=\"elementor-tab-content elementor-clearfix\" data-tab=\"6\" role=\"region\" aria-labelledby=\"elementor-tab-title-1486\"><ul><li>Wine spring \/ Freyburg May 1st<\/li><li>WeinfrSaale Wine Mile \/ Whitsun weekend spring \/ Freyburg May 1st<\/li><li>Cherry Festival Naumburg (last weekend in June)<\/li><li>Winzerfest Freyburg (2nd weekend in September)<\/li><li>Christmas market plus weekend events in Advent in Naumburg<\/li><\/ul><\/div>\n\t\t\t\t<\/div>\n\t\t\t\t\t\t\t<div class=\"elementor-toggle-item\">\n\t\t\t\t\t<div id=\"elementor-tab-title-1487\" class=\"elementor-tab-title\" data-tab=\"7\" role=\"button\" aria-controls=\"elementor-tab-content-1487\" aria-expanded=\"false\">\n\t\t\t\t\t\t\t\t\t\t\t\t<span class=\"elementor-toggle-icon elementor-toggle-icon-left\" aria-hidden=\"true\">\n\t\t\t\t\t\t\t\t\t\t\t\t\t\t\t<span class=\"elementor-toggle-icon-closed\"><i class=\"fas fa-caret-right\"><\/i><\/span>\n\t\t\t\t\t\t\t\t<span class=\"elementor-toggle-icon-opened\"><i class=\"elementor-toggle-icon-opened fas fa-caret-up\"><\/i><\/span>\n\t\t\t\t\t\t\t\t\t\t\t\t\t<\/span>\n\t\t\t\t\t\t\t\t\t\t\t\t<a class=\"elementor-toggle-title\" tabindex=\"0\">Further sights of the region<\/a>\n\t\t\t\t\t<\/div>\n\n\t\t\t\t\t<div id=\"elementor-tab-content-1487\" class=\"elementor-tab-content elementor-clearfix\" data-tab=\"7\" role=\"region\" aria-labelledby=\"elementor-tab-title-1487\"><ul><li>many wineries between Bad K\u00f6sen and Freyburg<\/li><li>Boat tours on the Saale and Unstrut (rubber dinghy, canoe, raft, etc. - various providers)<\/li><li>Ilm cycle path from Bad Sulza<\/li><li>Toskana Therme Bad Sulza with sauna area<\/li><li>Arche Nebra<\/li><li>Goseck solar observatory and castle<\/li><li>Memleben adventure park<\/li><li>Memleben monastery complex<\/li><li>Dornburg castles<\/li><\/ul><\/div>\n\t\t\t\t<\/div>\n\t\t\t\t\t\t\t<div class=\"elementor-toggle-item\">\n\t\t\t\t\t<div id=\"elementor-tab-title-1488\" class=\"elementor-tab-title\" data-tab=\"8\" role=\"button\" aria-controls=\"elementor-tab-content-1488\" aria-expanded=\"false\">\n\t\t\t\t\t\t\t\t\t\t\t\t<span class=\"elementor-toggle-icon elementor-toggle-icon-left\" aria-hidden=\"true\">\n\t\t\t\t\t\t\t\t\t\t\t\t\t\t\t<span class=\"elementor-toggle-icon-closed\"><i class=\"fas fa-caret-right\"><\/i><\/span>\n\t\t\t\t\t\t\t\t<span class=\"elementor-toggle-icon-opened\"><i class=\"elementor-toggle-icon-opened fas fa-caret-up\"><\/i><\/span>\n\t\t\t\t\t\t\t\t\t\t\t\t\t<\/span>\n\t\t\t\t\t\t\t\t\t\t\t\t<a class=\"elementor-toggle-title\" tabindex=\"0\">Helpful addresses<\/a>\n\t\t\t\t\t<\/div>\n\n\t\t\t\t\t<div id=\"elementor-tab-content-1488\" class=\"elementor-tab-content elementor-clearfix\" data-tab=\"8\" role=\"region\" aria-labelledby=\"elementor-tab-title-1488\"><ul><li>Tourist-Info Naumburg (Markt 6; Tel. 03445 273125)<\/li><li>Touristinfo Bad K\u00f6sen (Bahnhofstra\u00dfe 2; Tel. 03445 273124)<\/li><li>Freyburger Fremdenverkehrsverein e.V. (Markt 2; Tel. 034464 27260)<\/li><li>Bike rental, e.g. \u201eWalk und Bike\u201c Bad K\u00f6sen (Bahnhofstra\u00dfe 2\/bei Touristinfo)<\/li><\/ul><\/div>\n\t\t\t\t<\/div>\n\t\t\t\t\t\t\t\t<\/div>\n\t\t\t\t\t\t<\/div>\n\t\t\t\t<\/div>\n\t\t\t\t\t<\/div>\n\t\t<\/div>\n\t\t\t\t\t<\/div>\n\t\t<\/section>\n\t\t\t\t\t<\/div>\n\t\t<\/div>\n\t\t\t\t\t<\/div>\n\t\t<\/section>\n\t\t\t\t<\/div>","protected":false},"excerpt":{"rendered":"<p>Wander- &#038; Ausflugtipps Liebe G\u00e4ste, hier finden Sie eine kurze \u00dcbersicht zu Ausflugstipps f\u00fcr die Region rund um unser Rittergut. Ausf\u00fchrliches Informationsmaterial, Wanderkarten oder Infos zu den einzelnen touristischen Anbietern der Region erhalten Sie \u00fcber die verschiedenen Touristen-B\u00fcros der benachbarten St\u00e4dte Naumburg, Bad K\u00f6sen oder Freyburg. Je nachdem wie lange Sie bei uns bleiben lohnen [&hellip;]<\/p>","protected":false},"author":1,"featured_media":0,"parent":0,"menu_order":0,"comment_status":"closed","ping_status":"closed","template":"elementor_header_footer","meta":{"site-sidebar-layout":"no-sidebar","site-content-layout":"page-builder","ast-site-content-layout":"default","site-content-style":"default","site-sidebar-style":"default","ast-global-header-display":"","ast-banner-title-visibility":"","ast-main-header-display":"","ast-hfb-above-header-display":"","ast-hfb-below-header-display":"","ast-hfb-mobile-header-display":"","site-post-title":"disabled","ast-breadcrumbs-content":"","ast-featured-img":"disabled","footer-sml-layout":"","theme-transparent-header-meta":"default","adv-header-id-meta":"","stick-header-meta":"","header-above-stick-meta":"","header-main-stick-meta":"","header-below-stick-meta":"","astra-migrate-meta-layouts":"default","ast-page-background-enabled":"default","ast-page-background-meta":{"desktop":{"background-color":"","background-image":"","background-repeat":"repeat","background-position":"center center","background-size":"auto","background-attachment":"scroll","background-type":"","background-media":"","overlay-type":"","overlay-color":"","overlay-opacity":"","overlay-gradient":""},"tablet":{"background-color":"","background-image":"","background-repeat":"repeat","background-position":"center center","background-size":"auto","background-attachment":"scroll","background-type":"","background-media":"","overlay-type":"","overlay-color":"","overlay-opacity":"","overlay-gradient":""},"mobile":{"background-color":"","background-image":"","background-repeat":"repeat","background-position":"center center","background-size":"auto","background-attachment":"scroll","background-type":"","background-media":"","overlay-type":"","overlay-color":"","overlay-opacity":"","overlay-gradient":""}},"ast-content-background-meta":{"desktop":{"background-color":"var(--ast-global-color-5)","background-image":"","background-repeat":"repeat","background-position":"center center","background-size":"auto","background-attachment":"scroll","background-type":"","background-media":"","overlay-type":"","overlay-color":"","overlay-opacity":"","overlay-gradient":""},"tablet":{"background-color":"var(--ast-global-color-5)","background-image":"","background-repeat":"repeat","background-position":"center center","background-size":"auto","background-attachment":"scroll","background-type":"","background-media":"","overlay-type":"","overlay-color":"","overlay-opacity":"","overlay-gradient":""},"mobile":{"background-color":"var(--ast-global-color-5)","background-image":"","background-repeat":"repeat","background-position":"center center","background-size":"auto","background-attachment":"scroll","background-type":"","background-media":"","overlay-type":"","overlay-color":"","overlay-opacity":"","overlay-gradient":""}},"footnotes":""},"class_list":["post-9489","page","type-page","status-publish","hentry"],"yoast_head":"<!-- This site is optimized with the Yoast SEO plugin v26.5 - https:\/\/yoast.com\/wordpress\/plugins\/seo\/ -->\n<title>\u1405 Hotel &amp; Restaurant Rittergut in Naumburg OT Kreipitzsch - Ausfl\u00fcge<\/title>\n<meta name=\"description\" content=\"++ Sie suchen nach tollen Ausflugsm\u00f6glichkeiten in Naumburg? Rund um unser Rittergut im OT Kreipitzsch gibt es viele Tipps. ++\" \/>\n<meta name=\"robots\" content=\"index, follow, max-snippet:-1, max-image-preview:large, max-video-preview:-1\" \/>\n<link rel=\"canonical\" href=\"https:\/\/hotelrittergut.de\/en\/tipps-zu-ausfluegen-wanderungen\/\" \/>\n<meta property=\"og:locale\" content=\"en_GB\" \/>\n<meta property=\"og:type\" content=\"article\" \/>\n<meta property=\"og:title\" content=\"\u1405 Hotel &amp; Restaurant Rittergut in Naumburg OT Kreipitzsch - Ausfl\u00fcge\" \/>\n<meta property=\"og:description\" content=\"++ Sie suchen nach tollen Ausflugsm\u00f6glichkeiten in Naumburg? Rund um unser Rittergut im OT Kreipitzsch gibt es viele Tipps. ++\" \/>\n<meta property=\"og:url\" content=\"https:\/\/hotelrittergut.de\/en\/tipps-zu-ausfluegen-wanderungen\/\" \/>\n<meta property=\"og:site_name\" content=\"Hotel &amp; Restaurant - Rittergut\" \/>\n<meta property=\"article:publisher\" content=\"https:\/\/www.facebook.com\/HotelRittergut\" \/>\n<meta property=\"article:modified_time\" content=\"2022-06-13T18:26:37+00:00\" \/>\n<meta name=\"twitter:card\" content=\"summary_large_image\" \/>\n<meta name=\"twitter:label1\" content=\"Estimated reading time\" \/>\n\t<meta name=\"twitter:data1\" content=\"2 minutes\" \/>\n<script type=\"application\/ld+json\" class=\"yoast-schema-graph\">{\"@context\":\"https:\/\/schema.org\",\"@graph\":[{\"@type\":\"WebPage\",\"@id\":\"https:\/\/hotelrittergut.de\/tipps-zu-ausfluegen-wanderungen\/\",\"url\":\"https:\/\/hotelrittergut.de\/tipps-zu-ausfluegen-wanderungen\/\",\"name\":\"\u1405 Hotel & Restaurant Rittergut in Naumburg OT Kreipitzsch - Ausfl\u00fcge\",\"isPartOf\":{\"@id\":\"https:\/\/hotelrittergut.de\/#website\"},\"datePublished\":\"2021-07-20T13:56:36+00:00\",\"dateModified\":\"2022-06-13T18:26:37+00:00\",\"description\":\"++ Sie suchen nach tollen Ausflugsm\u00f6glichkeiten in Naumburg? Rund um unser Rittergut im OT Kreipitzsch gibt es viele Tipps. ++\",\"breadcrumb\":{\"@id\":\"https:\/\/hotelrittergut.de\/tipps-zu-ausfluegen-wanderungen\/#breadcrumb\"},\"inLanguage\":\"en-GB\",\"potentialAction\":[{\"@type\":\"ReadAction\",\"target\":[\"https:\/\/hotelrittergut.de\/tipps-zu-ausfluegen-wanderungen\/\"]}]},{\"@type\":\"BreadcrumbList\",\"@id\":\"https:\/\/hotelrittergut.de\/tipps-zu-ausfluegen-wanderungen\/#breadcrumb\",\"itemListElement\":[{\"@type\":\"ListItem\",\"position\":1,\"name\":\"Startseite\",\"item\":\"https:\/\/hotelrittergut.de\/\"},{\"@type\":\"ListItem\",\"position\":2,\"name\":\"Tipps zu Ausfl\u00fcgen &#038; Wanderungen\"}]},{\"@type\":\"WebSite\",\"@id\":\"https:\/\/hotelrittergut.de\/#website\",\"url\":\"https:\/\/hotelrittergut.de\/\",\"name\":\"Hotel &amp; Restaurant - Rittergut\",\"description\":\"\",\"publisher\":{\"@id\":\"https:\/\/hotelrittergut.de\/#organization\"},\"potentialAction\":[{\"@type\":\"SearchAction\",\"target\":{\"@type\":\"EntryPoint\",\"urlTemplate\":\"https:\/\/hotelrittergut.de\/?s={search_term_string}\"},\"query-input\":{\"@type\":\"PropertyValueSpecification\",\"valueRequired\":true,\"valueName\":\"search_term_string\"}}],\"inLanguage\":\"en-GB\"},{\"@type\":\"Organization\",\"@id\":\"https:\/\/hotelrittergut.de\/#organization\",\"name\":\"Hotel &amp; Restaurant - Rittergut\",\"url\":\"https:\/\/hotelrittergut.de\/\",\"logo\":{\"@type\":\"ImageObject\",\"inLanguage\":\"en-GB\",\"@id\":\"https:\/\/hotelrittergut.de\/#\/schema\/logo\/image\/\",\"url\":\"https:\/\/hotelrittergut.de\/wp-content\/uploads\/2020\/10\/logo.png\",\"contentUrl\":\"https:\/\/hotelrittergut.de\/wp-content\/uploads\/2020\/10\/logo.png\",\"width\":264,\"height\":332,\"caption\":\"Hotel &amp; Restaurant - Rittergut\"},\"image\":{\"@id\":\"https:\/\/hotelrittergut.de\/#\/schema\/logo\/image\/\"},\"sameAs\":[\"https:\/\/www.facebook.com\/HotelRittergut\",\"https:\/\/www.instagram.com\/hotelrittergut\/\"]}]}<\/script>\n<!-- \/ Yoast SEO plugin. -->","yoast_head_json":{"title":"\u1405 Hotel & Restaurant Rittergut in Naumburg OT Kreipitzsch - Ausfl\u00fcge","description":"++ Sie suchen nach tollen Ausflugsm\u00f6glichkeiten in Naumburg? Rund um unser Rittergut im OT Kreipitzsch gibt es viele Tipps. ++","robots":{"index":"index","follow":"follow","max-snippet":"max-snippet:-1","max-image-preview":"max-image-preview:large","max-video-preview":"max-video-preview:-1"},"canonical":"https:\/\/hotelrittergut.de\/en\/tipps-zu-ausfluegen-wanderungen\/","og_locale":"en_GB","og_type":"article","og_title":"\u1405 Hotel & Restaurant Rittergut in Naumburg OT Kreipitzsch - Ausfl\u00fcge","og_description":"++ Sie suchen nach tollen Ausflugsm\u00f6glichkeiten in Naumburg? Rund um unser Rittergut im OT Kreipitzsch gibt es viele Tipps. ++","og_url":"https:\/\/hotelrittergut.de\/en\/tipps-zu-ausfluegen-wanderungen\/","og_site_name":"Hotel &amp; Restaurant - Rittergut","article_publisher":"https:\/\/www.facebook.com\/HotelRittergut","article_modified_time":"2022-06-13T18:26:37+00:00","twitter_card":"summary_large_image","twitter_misc":{"Estimated reading time":"2 minutes"},"schema":{"@context":"https:\/\/schema.org","@graph":[{"@type":"WebPage","@id":"https:\/\/hotelrittergut.de\/tipps-zu-ausfluegen-wanderungen\/","url":"https:\/\/hotelrittergut.de\/tipps-zu-ausfluegen-wanderungen\/","name":"\u1405 Hotel & Restaurant Rittergut in Naumburg OT Kreipitzsch - Ausfl\u00fcge","isPartOf":{"@id":"https:\/\/hotelrittergut.de\/#website"},"datePublished":"2021-07-20T13:56:36+00:00","dateModified":"2022-06-13T18:26:37+00:00","description":"++ Sie suchen nach tollen Ausflugsm\u00f6glichkeiten in Naumburg? Rund um unser Rittergut im OT Kreipitzsch gibt es viele Tipps. ++","breadcrumb":{"@id":"https:\/\/hotelrittergut.de\/tipps-zu-ausfluegen-wanderungen\/#breadcrumb"},"inLanguage":"en-GB","potentialAction":[{"@type":"ReadAction","target":["https:\/\/hotelrittergut.de\/tipps-zu-ausfluegen-wanderungen\/"]}]},{"@type":"BreadcrumbList","@id":"https:\/\/hotelrittergut.de\/tipps-zu-ausfluegen-wanderungen\/#breadcrumb","itemListElement":[{"@type":"ListItem","position":1,"name":"Startseite","item":"https:\/\/hotelrittergut.de\/"},{"@type":"ListItem","position":2,"name":"Tipps zu Ausfl\u00fcgen &#038; Wanderungen"}]},{"@type":"WebSite","@id":"https:\/\/hotelrittergut.de\/#website","url":"https:\/\/hotelrittergut.de\/","name":"Hotel &amp; Restaurant - Rittergut","description":"","publisher":{"@id":"https:\/\/hotelrittergut.de\/#organization"},"potentialAction":[{"@type":"SearchAction","target":{"@type":"EntryPoint","urlTemplate":"https:\/\/hotelrittergut.de\/?s={search_term_string}"},"query-input":{"@type":"PropertyValueSpecification","valueRequired":true,"valueName":"search_term_string"}}],"inLanguage":"en-GB"},{"@type":"Organization","@id":"https:\/\/hotelrittergut.de\/#organization","name":"Hotel &amp; Restaurant - Rittergut","url":"https:\/\/hotelrittergut.de\/","logo":{"@type":"ImageObject","inLanguage":"en-GB","@id":"https:\/\/hotelrittergut.de\/#\/schema\/logo\/image\/","url":"https:\/\/hotelrittergut.de\/wp-content\/uploads\/2020\/10\/logo.png","contentUrl":"https:\/\/hotelrittergut.de\/wp-content\/uploads\/2020\/10\/logo.png","width":264,"height":332,"caption":"Hotel &amp; Restaurant - Rittergut"},"image":{"@id":"https:\/\/hotelrittergut.de\/#\/schema\/logo\/image\/"},"sameAs":["https:\/\/www.facebook.com\/HotelRittergut","https:\/\/www.instagram.com\/hotelrittergut\/"]}]}},"_links":{"self":[{"href":"https:\/\/hotelrittergut.de\/en\/wp-json\/wp\/v2\/pages\/9489","targetHints":{"allow":["GET"]}}],"collection":[{"href":"https:\/\/hotelrittergut.de\/en\/wp-json\/wp\/v2\/pages"}],"about":[{"href":"https:\/\/hotelrittergut.de\/en\/wp-json\/wp\/v2\/types\/page"}],"author":[{"embeddable":true,"href":"https:\/\/hotelrittergut.de\/en\/wp-json\/wp\/v2\/users\/1"}],"replies":[{"embeddable":true,"href":"https:\/\/hotelrittergut.de\/en\/wp-json\/wp\/v2\/comments?post=9489"}],"version-history":[{"count":17,"href":"https:\/\/hotelrittergut.de\/en\/wp-json\/wp\/v2\/pages\/9489\/revisions"}],"predecessor-version":[{"id":13201,"href":"https:\/\/hotelrittergut.de\/en\/wp-json\/wp\/v2\/pages\/9489\/revisions\/13201"}],"wp:attachment":[{"href":"https:\/\/hotelrittergut.de\/en\/wp-json\/wp\/v2\/media?parent=9489"}],"curies":[{"name":"wp","href":"https:\/\/api.w.org\/{rel}","templated":true}]}}